{"id":111,"date":"2024-04-15T15:49:58","date_gmt":"2024-04-15T18:49:58","guid":{"rendered":"https:\/\/gzs09.zappacorp.com\/?page_id=111"},"modified":"2024-04-29T17:02:22","modified_gmt":"2024-04-29T20:02:22","slug":"desenhos_recomendados","status":"publish","type":"page","link":"https:\/\/gzs09.zappacorp.com\/index.php\/desenhos_recomendados\/","title":{"rendered":"Desenhos Animados Recomendados"},"content":{"rendered":"\n<p>Ap\u00f3s ver um pouco mais sobre a hist\u00f3ria dos desenhos animados que tal dar uma olhada nos que a nossa equipe selecionou colocando em pauta os melhores de cada g\u00eanero, de acordo com nossos gostos:<\/p>\n\n\n\n<h2 class=\"wp-block-heading\">A\u00e7\u00e3o<\/h2>\n\n\n\n<p>Avatar: A Lenda de Aang<\/p>\n\n\n\n<p><strong>Aang<\/strong>, precisa aprender a dominar os quatro elementos para restaurar o equil\u00edbrio em um mundo amea\u00e7ado pela terr\u00edvel Na\u00e7\u00e3o do Fogo, que resolveu conquistar o mundo, atacando e dizimando os N\u00f4mades do Ar.<\/p>\n\n\n\n<figure class=\"wp-block-image size-large is-resized\"><img decoding=\"async\" src=\"https:\/\/br.web.img3.acsta.net\/pictures\/14\/04\/16\/17\/54\/526761.jpg\" alt=\"\" style=\"width:311px;height:auto\"\/><\/figure>\n\n\n\n<h2 class=\"wp-block-heading\">Aventura<\/h2>\n\n\n\n<p>Apenas um show<\/p>\n\n\n\n<p>O programa tem como protagonistas dois zeladores de um parque: um gaio-azul de mais de 1,80 m de altura chamado Mordecai, e um guaxinim chamado Rigby. Mordecai e Rigby s\u00e3o melhores amigos que passam seus dias tentando se divertir, de todas as maneiras poss\u00edveis.<\/p>\n\n\n\n<figure class=\"wp-block-image size-large\"><img decoding=\"async\" src=\"https:\/\/media.fstatic.com\/Zjp37jpmMtM3gQK8YeHz7pvsMqY=\/322x478\/smart\/filters:format(webp)\/media\/movies\/covers\/2022\/01\/91sBKRq5bEL.jpg\" alt=\"\"\/><\/figure>\n\n\n\n<h2 class=\"wp-block-heading\">Infantil<\/h2>\n\n\n\n<p>Patrulha Canina<\/p>\n\n\n\n<p>Ryder \u00e9 um humano e o l\u00edder, salvador e professor dos filhotes. Ele tem um bom cora\u00e7\u00e3o, e habilidades que a&nbsp;<strong>Patrulha Canina<\/strong>&nbsp;precisa para ter o trabalho bem feito. Durante um resgate, Ryder pode ser visto em seu quadriciclo tecnol\u00f3gico que se transforma em um jet-ski e em uma moto de neve.<\/p>\n\n\n\n<figure class=\"wp-block-image size-large is-resized\"><img decoding=\"async\" src=\"https:\/\/br.web.img3.acsta.net\/c_310_420\/pictures\/15\/01\/29\/13\/58\/550506.jpg\" alt=\"\" style=\"width:315px;height:auto\"\/><\/figure>\n\n\n\n<h2 class=\"wp-block-heading\">Adult Swim<\/h2>\n\n\n\n<p>Aqua Teen Hunger Force<\/p>\n\n\n\n<p>O programa acompanha as desventuras do Esquadr\u00e3o For\u00e7a Total, formado por Mestre Shake (Master Shake), um copo de milk shake gigante, imaturo e egoc\u00eantrico; Alm\u00f4ndega (Meatwad), uma almondega macho que foi reprovado para o consumo humano, seu c\u00e9rebro de brinquedo e inoc\u00eancia o tornam um alvo f\u00e1cil para o sadismo do Mestre Shake e finalmente Batat\u00e3o (Frylock), inteligente e respons\u00e1vel, este pacote de batatas fritas voador \u2014 portador de uma pedra m\u00e1gica em suas costas e uma barba bem cuidada \u2014 \u00e9 o verdadeiro c\u00e9rebro da equipe.<\/p>\n\n\n\n<figure class=\"wp-block-image size-large is-resized\"><img decoding=\"async\" src=\"https:\/\/image.tmdb.org\/t\/p\/w600_and_h900_bestv2\/jCWOkfMLsT2sGHadCkmR65MWtJu.jpg\" alt=\"\" style=\"width:317px;height:auto\"\/><\/figure>\n\n\n\n<h2 class=\"wp-block-heading\">Com\u00e9dia<\/h2>\n\n\n\n<p>Family guy<\/p>\n\n\n\n<p><strong>A anima\u00e7\u00e3o gira em torno das aventuras da fam\u00edlia de Peter Griffin, um trapalh\u00e3o, mas bem-intencionado trabalhador<\/strong>. Peter \u00e9 um americano descendente de irlandeses e cat\u00f3lico, com um proeminente sotaque da regi\u00e3o de Boston, Massachusetts<\/p>\n\n\n\n<figure class=\"wp-block-image size-large is-resized\"><img decoding=\"async\" src=\"https:\/\/prod-ripcut-delivery.disney-plus.net\/v1\/variant\/disney\/7238583A12BC3EE570A6D8E240D67D0E6CACE9C782B434F7FFE09747512BDE0C\/scale?width=1200&amp;aspectRatio=1.78&amp;format=webp\" alt=\"\" style=\"width:588px;height:auto\"\/><\/figure>\n\n\n\n<h2 class=\"wp-block-heading\">Educacional<\/h2>\n\n\n\n<p>Caillou.<\/p>\n\n\n\n<p>Conhe\u00e7a&nbsp;<strong>Caillou<\/strong>, o menino de 4 quatro anos com muita imagina\u00e7\u00e3o, que vive as maravilhas de ser crian\u00e7a, com as quais o p\u00fablico ao redor do mundo se identificar\u00e1: cuidar do bichinho de estima\u00e7\u00e3o, aprender um novo esporte ou passar tempo com a fam\u00edlia.<\/p>\n\n\n\n<figure class=\"wp-block-image size-large\"><img decoding=\"async\" src=\"https:\/\/sentavemhistoria.files.wordpress.com\/2016\/06\/images-71.jpg?w=584\" alt=\"\"\/><\/figure>\n\n\n\n<div style=\"height:100px\" aria-hidden=\"true\" class=\"wp-block-spacer\"><\/div>\n\n\n\n<p><strong>Deixe seu feedback abaixo:<\/strong><\/p>\n\n\n\n<div class=\"wp-block-contact-form-7-contact-form-selector\">\n<div class=\"wpcf7 no-js\" id=\"wpcf7-f189-o1\" lang=\"pt-BR\" dir=\"ltr\">\n<div class=\"screen-reader-response\"><p role=\"status\" aria-live=\"polite\" aria-atomic=\"true\"><\/p> <ul><\/ul><\/div>\n<form action=\"\/index.php\/wp-json\/wp\/v2\/pages\/111#wpcf7-f189-o1\" method=\"post\" class=\"wpcf7-form init\" aria-label=\"Formul\u00e1rios de contato\" novalidate=\"novalidate\" data-status=\"init\">\n<div style=\"display: none;\">\n<input type=\"hidden\" name=\"_wpcf7\" value=\"189\" \/>\n<input type=\"hidden\" name=\"_wpcf7_version\" value=\"5.9.3\" \/>\n<input type=\"hidden\" name=\"_wpcf7_locale\" value=\"pt_BR\" \/>\n<input type=\"hidden\" name=\"_wpcf7_unit_tag\" value=\"wpcf7-f189-o1\" \/>\n<input type=\"hidden\" name=\"_wpcf7_container_post\" value=\"0\" \/>\n<input type=\"hidden\" name=\"_wpcf7_posted_data_hash\" value=\"\" \/>\n<\/div>\n<p><label> Seu nome<br \/>\n<span class=\"wpcf7-form-control-wrap\" data-name=\"your-name\"><input size=\"40\" class=\"wpcf7-form-control wpcf7-text wpcf7-validates-as-required\" autocomplete=\"name\" aria-required=\"true\" aria-invalid=\"false\" value=\"\" type=\"text\" name=\"your-name\" \/><\/span> <\/label>\n<\/p>\n<p><label> Seu e-mail<br \/>\n<span class=\"wpcf7-form-control-wrap\" data-name=\"your-email\"><input size=\"40\" class=\"wpcf7-form-control wpcf7-email wpcf7-validates-as-required wpcf7-text wpcf7-validates-as-email\" autocomplete=\"email\" aria-required=\"true\" aria-invalid=\"false\" value=\"\" type=\"email\" name=\"your-email\" \/><\/span> <\/label>\n<\/p>\n<p><label> Qual seu desenho animado favorito?<br \/>\n<span class=\"wpcf7-form-control-wrap\" data-name=\"your-message\"><textarea cols=\"40\" rows=\"10\" class=\"wpcf7-form-control wpcf7-textarea\" aria-invalid=\"false\" name=\"your-message\"><\/textarea><\/span> <\/label>\n<\/p>\n<p><input class=\"wpcf7-form-control wpcf7-submit has-spinner\" type=\"submit\" value=\"Enviar\" \/>\n<\/p><div class=\"wpcf7-response-output\" aria-hidden=\"true\"><\/div>\n<\/form>\n<\/div>\n<\/div>\n","protected":false},"excerpt":{"rendered":"<p>Ap\u00f3s ver um pouco mais sobre a hist\u00f3ria dos desenhos animados que tal dar uma olhada nos que a nossa equipe selecionou colocando em pauta os melhores de cada g\u00eanero, de acordo com nossos gostos: A\u00e7\u00e3o Avatar: A Lenda de Aang Aang, precisa aprender a dominar os quatro elementos para restaurar o equil\u00edbrio em um [&hellip;]<\/p>\n","protected":false},"author":4,"featured_media":0,"parent":0,"menu_order":0,"comment_status":"closed","ping_status":"closed","template":"","meta":{"footnotes":""},"yoast_head":"<!-- This site is optimized with the Yoast SEO plugin v22.6 - https:\/\/yoast.com\/wordpress\/plugins\/seo\/ -->\n<title>Desenhos Animados Recomendados - TECCINE<\/title>\n<meta name=\"robots\" content=\"index, follow, max-snippet:-1, max-image-preview:large, max-video-preview:-1\" \/>\n<link rel=\"canonical\" href=\"https:\/\/gzs09.zappacorp.com\/index.php\/desenhos_recomendados\/\" \/>\n<meta property=\"og:locale\" content=\"pt_BR\" \/>\n<meta property=\"og:type\" content=\"article\" \/>\n<meta property=\"og:title\" content=\"Desenhos Animados Recomendados - TECCINE\" \/>\n<meta property=\"og:description\" content=\"Ap\u00f3s ver um pouco mais sobre a hist\u00f3ria dos desenhos animados que tal dar uma olhada nos que a nossa equipe selecionou colocando em pauta os melhores de cada g\u00eanero, de acordo com nossos gostos: A\u00e7\u00e3o Avatar: A Lenda de Aang Aang, precisa aprender a dominar os quatro elementos para restaurar o equil\u00edbrio em um [&hellip;]\" \/>\n<meta property=\"og:url\" content=\"https:\/\/gzs09.zappacorp.com\/index.php\/desenhos_recomendados\/\" \/>\n<meta property=\"og:site_name\" content=\"TECCINE\" \/>\n<meta property=\"article:modified_time\" content=\"2024-04-29T20:02:22+00:00\" \/>\n<meta property=\"og:image\" content=\"https:\/\/br.web.img3.acsta.net\/pictures\/14\/04\/16\/17\/54\/526761.jpg\" \/>\n<meta name=\"twitter:card\" content=\"summary_large_image\" \/>\n<meta name=\"twitter:label1\" content=\"Est. tempo de leitura\" \/>\n\t<meta name=\"twitter:data1\" content=\"2 minutos\" \/>\n<script type=\"application\/ld+json\" class=\"yoast-schema-graph\">{\"@context\":\"https:\/\/schema.org\",\"@graph\":[{\"@type\":\"WebPage\",\"@id\":\"https:\/\/gzs09.zappacorp.com\/index.php\/desenhos_recomendados\/\",\"url\":\"https:\/\/gzs09.zappacorp.com\/index.php\/desenhos_recomendados\/\",\"name\":\"Desenhos Animados Recomendados - TECCINE\",\"isPartOf\":{\"@id\":\"https:\/\/gzs09.zappacorp.com\/#website\"},\"primaryImageOfPage\":{\"@id\":\"https:\/\/gzs09.zappacorp.com\/index.php\/desenhos_recomendados\/#primaryimage\"},\"image\":{\"@id\":\"https:\/\/gzs09.zappacorp.com\/index.php\/desenhos_recomendados\/#primaryimage\"},\"thumbnailUrl\":\"https:\/\/br.web.img3.acsta.net\/pictures\/14\/04\/16\/17\/54\/526761.jpg\",\"datePublished\":\"2024-04-15T18:49:58+00:00\",\"dateModified\":\"2024-04-29T20:02:22+00:00\",\"breadcrumb\":{\"@id\":\"https:\/\/gzs09.zappacorp.com\/index.php\/desenhos_recomendados\/#breadcrumb\"},\"inLanguage\":\"pt-BR\",\"potentialAction\":[{\"@type\":\"ReadAction\",\"target\":[\"https:\/\/gzs09.zappacorp.com\/index.php\/desenhos_recomendados\/\"]}]},{\"@type\":\"ImageObject\",\"inLanguage\":\"pt-BR\",\"@id\":\"https:\/\/gzs09.zappacorp.com\/index.php\/desenhos_recomendados\/#primaryimage\",\"url\":\"https:\/\/br.web.img3.acsta.net\/pictures\/14\/04\/16\/17\/54\/526761.jpg\",\"contentUrl\":\"https:\/\/br.web.img3.acsta.net\/pictures\/14\/04\/16\/17\/54\/526761.jpg\"},{\"@type\":\"BreadcrumbList\",\"@id\":\"https:\/\/gzs09.zappacorp.com\/index.php\/desenhos_recomendados\/#breadcrumb\",\"itemListElement\":[{\"@type\":\"ListItem\",\"position\":1,\"name\":\"In\u00edcio\",\"item\":\"https:\/\/gzs09.zappacorp.com\/\"},{\"@type\":\"ListItem\",\"position\":2,\"name\":\"Desenhos Animados Recomendados\"}]},{\"@type\":\"WebSite\",\"@id\":\"https:\/\/gzs09.zappacorp.com\/#website\",\"url\":\"https:\/\/gzs09.zappacorp.com\/\",\"name\":\"TECCINE\",\"description\":\"\",\"publisher\":{\"@id\":\"https:\/\/gzs09.zappacorp.com\/#organization\"},\"potentialAction\":[{\"@type\":\"SearchAction\",\"target\":{\"@type\":\"EntryPoint\",\"urlTemplate\":\"https:\/\/gzs09.zappacorp.com\/?s={search_term_string}\"},\"query-input\":\"required name=search_term_string\"}],\"inLanguage\":\"pt-BR\"},{\"@type\":\"Organization\",\"@id\":\"https:\/\/gzs09.zappacorp.com\/#organization\",\"name\":\"TECCINE\",\"url\":\"https:\/\/gzs09.zappacorp.com\/\",\"logo\":{\"@type\":\"ImageObject\",\"inLanguage\":\"pt-BR\",\"@id\":\"https:\/\/gzs09.zappacorp.com\/#\/schema\/logo\/image\/\",\"url\":\"https:\/\/gzs09.zappacorp.com\/wp-content\/uploads\/2024\/04\/cropped-DOEVIDA.png\",\"contentUrl\":\"https:\/\/gzs09.zappacorp.com\/wp-content\/uploads\/2024\/04\/cropped-DOEVIDA.png\",\"width\":512,\"height\":512,\"caption\":\"TECCINE\"},\"image\":{\"@id\":\"https:\/\/gzs09.zappacorp.com\/#\/schema\/logo\/image\/\"}}]}<\/script>\n<!-- \/ Yoast SEO plugin. -->","yoast_head_json":{"title":"Desenhos Animados Recomendados - TECCINE","robots":{"index":"index","follow":"follow","max-snippet":"max-snippet:-1","max-image-preview":"max-image-preview:large","max-video-preview":"max-video-preview:-1"},"canonical":"https:\/\/gzs09.zappacorp.com\/index.php\/desenhos_recomendados\/","og_locale":"pt_BR","og_type":"article","og_title":"Desenhos Animados Recomendados - TECCINE","og_description":"Ap\u00f3s ver um pouco mais sobre a hist\u00f3ria dos desenhos animados que tal dar uma olhada nos que a nossa equipe selecionou colocando em pauta os melhores de cada g\u00eanero, de acordo com nossos gostos: A\u00e7\u00e3o Avatar: A Lenda de Aang Aang, precisa aprender a dominar os quatro elementos para restaurar o equil\u00edbrio em um [&hellip;]","og_url":"https:\/\/gzs09.zappacorp.com\/index.php\/desenhos_recomendados\/","og_site_name":"TECCINE","article_modified_time":"2024-04-29T20:02:22+00:00","og_image":[{"url":"https:\/\/br.web.img3.acsta.net\/pictures\/14\/04\/16\/17\/54\/526761.jpg"}],"twitter_card":"summary_large_image","twitter_misc":{"Est. tempo de leitura":"2 minutos"},"schema":{"@context":"https:\/\/schema.org","@graph":[{"@type":"WebPage","@id":"https:\/\/gzs09.zappacorp.com\/index.php\/desenhos_recomendados\/","url":"https:\/\/gzs09.zappacorp.com\/index.php\/desenhos_recomendados\/","name":"Desenhos Animados Recomendados - TECCINE","isPartOf":{"@id":"https:\/\/gzs09.zappacorp.com\/#website"},"primaryImageOfPage":{"@id":"https:\/\/gzs09.zappacorp.com\/index.php\/desenhos_recomendados\/#primaryimage"},"image":{"@id":"https:\/\/gzs09.zappacorp.com\/index.php\/desenhos_recomendados\/#primaryimage"},"thumbnailUrl":"https:\/\/br.web.img3.acsta.net\/pictures\/14\/04\/16\/17\/54\/526761.jpg","datePublished":"2024-04-15T18:49:58+00:00","dateModified":"2024-04-29T20:02:22+00:00","breadcrumb":{"@id":"https:\/\/gzs09.zappacorp.com\/index.php\/desenhos_recomendados\/#breadcrumb"},"inLanguage":"pt-BR","potentialAction":[{"@type":"ReadAction","target":["https:\/\/gzs09.zappacorp.com\/index.php\/desenhos_recomendados\/"]}]},{"@type":"ImageObject","inLanguage":"pt-BR","@id":"https:\/\/gzs09.zappacorp.com\/index.php\/desenhos_recomendados\/#primaryimage","url":"https:\/\/br.web.img3.acsta.net\/pictures\/14\/04\/16\/17\/54\/526761.jpg","contentUrl":"https:\/\/br.web.img3.acsta.net\/pictures\/14\/04\/16\/17\/54\/526761.jpg"},{"@type":"BreadcrumbList","@id":"https:\/\/gzs09.zappacorp.com\/index.php\/desenhos_recomendados\/#breadcrumb","itemListElement":[{"@type":"ListItem","position":1,"name":"In\u00edcio","item":"https:\/\/gzs09.zappacorp.com\/"},{"@type":"ListItem","position":2,"name":"Desenhos Animados Recomendados"}]},{"@type":"WebSite","@id":"https:\/\/gzs09.zappacorp.com\/#website","url":"https:\/\/gzs09.zappacorp.com\/","name":"TECCINE","description":"","publisher":{"@id":"https:\/\/gzs09.zappacorp.com\/#organization"},"potentialAction":[{"@type":"SearchAction","target":{"@type":"EntryPoint","urlTemplate":"https:\/\/gzs09.zappacorp.com\/?s={search_term_string}"},"query-input":"required name=search_term_string"}],"inLanguage":"pt-BR"},{"@type":"Organization","@id":"https:\/\/gzs09.zappacorp.com\/#organization","name":"TECCINE","url":"https:\/\/gzs09.zappacorp.com\/","logo":{"@type":"ImageObject","inLanguage":"pt-BR","@id":"https:\/\/gzs09.zappacorp.com\/#\/schema\/logo\/image\/","url":"https:\/\/gzs09.zappacorp.com\/wp-content\/uploads\/2024\/04\/cropped-DOEVIDA.png","contentUrl":"https:\/\/gzs09.zappacorp.com\/wp-content\/uploads\/2024\/04\/cropped-DOEVIDA.png","width":512,"height":512,"caption":"TECCINE"},"image":{"@id":"https:\/\/gzs09.zappacorp.com\/#\/schema\/logo\/image\/"}}]}},"_links":{"self":[{"href":"https:\/\/gzs09.zappacorp.com\/index.php\/wp-json\/wp\/v2\/pages\/111"}],"collection":[{"href":"https:\/\/gzs09.zappacorp.com\/index.php\/wp-json\/wp\/v2\/pages"}],"about":[{"href":"https:\/\/gzs09.zappacorp.com\/index.php\/wp-json\/wp\/v2\/types\/page"}],"author":[{"embeddable":true,"href":"https:\/\/gzs09.zappacorp.com\/index.php\/wp-json\/wp\/v2\/users\/4"}],"replies":[{"embeddable":true,"href":"https:\/\/gzs09.zappacorp.com\/index.php\/wp-json\/wp\/v2\/comments?post=111"}],"version-history":[{"count":10,"href":"https:\/\/gzs09.zappacorp.com\/index.php\/wp-json\/wp\/v2\/pages\/111\/revisions"}],"predecessor-version":[{"id":207,"href":"https:\/\/gzs09.zappacorp.com\/index.php\/wp-json\/wp\/v2\/pages\/111\/revisions\/207"}],"wp:attachment":[{"href":"https:\/\/gzs09.zappacorp.com\/index.php\/wp-json\/wp\/v2\/media?parent=111"}],"curies":[{"name":"wp","href":"https:\/\/api.w.org\/{rel}","templated":true}]}}