{"id":109,"date":"2024-04-15T15:49:39","date_gmt":"2024-04-15T18:49:39","guid":{"rendered":"https:\/\/gzs09.zappacorp.com\/?page_id=109"},"modified":"2024-04-29T17:01:26","modified_gmt":"2024-04-29T20:01:26","slug":"zika-pakas-part-3","status":"publish","type":"page","link":"https:\/\/gzs09.zappacorp.com\/index.php\/zika-pakas-part-3\/","title":{"rendered":"Animes recomendados"},"content":{"rendered":"\n<p>Ap\u00f3s ler nossa pagina sobre a hist\u00f3ria de animes ficou a curiosidade para ver os mais atuais e remondados, ent\u00e3o separamos aqui alguns deles pra voc\u00ea:<\/p>\n\n\n\n<h2 class=\"wp-block-heading\">Psicologia <\/h2>\n\n\n\n<p>Death Note<\/p>\n\n\n\n<p>Um estudante de repente encontra um caderno que caiu do c\u00e9u. Trata-se do Death Note, que permite ao seu portador matar qualquer pessoa a partir da mera anota\u00e7\u00e3o do nome do alvo em uma de suas p\u00e1ginas. Sob a influ\u00eancia de Ruyk, dono do caderno, ele passa a us\u00e1-lo para eliminar criminosos e pessoas que escaparam da justi\u00e7a. A s\u00fabita onda de assassinatos faz com que ele seja endeusado por muitos, que o apelidam de Kira, mas tamb\u00e9m atrai a aten\u00e7\u00e3o de um enigm\u00e1tico e brilhante detetive, chamado L.<\/p>\n\n\n\n<figure class=\"wp-block-image size-large is-resized\"><img decoding=\"async\" src=\"https:\/\/images.justwatch.com\/poster\/210194718\/s592\/death-note\" alt=\"\" style=\"width:265px;height:auto\"\/><\/figure>\n\n\n\n<h2 class=\"wp-block-heading\">Fantasia<\/h2>\n\n\n\n<p>Fullmetal Alchemist: Brotherhood<\/p>\n\n\n\n<p>Em Fullmetal Alchemist: Brotherhood,&nbsp;<strong>os irm\u00e3os Al e Ed, inconformados com a morte da m\u00e3e, driblam as regras da natureza e da alquimia para ressucit\u00e1-la, mas ambos sofrem consequ\u00eancias severas<\/strong>. O mais velho perde a perna e o ca\u00e7ula precisa ter o corpo quase todo substitu\u00eddo por uma armadura de metal.<\/p>\n\n\n\n<figure class=\"wp-block-image size-large is-resized\"><img decoding=\"async\" src=\"https:\/\/m.media-amazon.com\/images\/M\/MV5BZmEzN2YzOTItMDI5MS00MGU4LWI1NWQtOTg5ZThhNGQwYTEzXkEyXkFqcGdeQXVyNTA4NzY1MzY@._V1_.jpg\" alt=\"\" style=\"width:265px;height:auto\"\/><\/figure>\n\n\n\n<h2 class=\"wp-block-heading\">Aventura<\/h2>\n\n\n\n<p>Bleach<\/p>\n\n\n\n<p>Em&nbsp;<strong>Bleach<\/strong>, Ichigo Kurosaki \u00e9 um estudante de ensino m\u00e9dio incomum: desde pequeno, ele consegue ver fantasmas. Sua vida muda completamente quando ele e suas duas irm\u00e3s s\u00e3o atacados por um esp\u00edrito maligno e recebem ajuda de uma shinigami, chamada Rukia Kuchiki.<\/p>\n\n\n\n<figure class=\"wp-block-image size-large is-resized\"><img decoding=\"async\" src=\"https:\/\/imgsrv.crunchyroll.com\/cdn-cgi\/image\/format=auto,fit=contain,width=480,height=720,quality=85\/catalog\/crunchyroll\/52edb7a843abacb4ff0f642c8eda1440.jpe\" alt=\"\" style=\"width:268px;height:auto\"\/><\/figure>\n\n\n\n<h2 class=\"wp-block-heading\">Isekai <\/h2>\n\n\n\n<p>Overlord<\/p>\n\n\n\n<p>Yggdrasil \u00e9 um popular jogo online que, de repente, tem seus servidores desligados. Momonga, um jovem jogador, decide n\u00e3o sair do jogo e \u00e9 transformado num esqueleto, o&nbsp;<strong>Overlord<\/strong>. Como n\u00e3o tem fam\u00edlia, amigos ou lugar na sociedade real, o jovem Momonga decide lutar para dominar o novo mundo que o jogo se tornou.<\/p>\n\n\n\n<figure class=\"wp-block-image size-large is-resized\"><img decoding=\"async\" src=\"https:\/\/upload.wikimedia.org\/wikipedia\/pt\/b\/b2\/Overlord_poster.jpg\" alt=\"\" style=\"width:266px;height:auto\"\/><\/figure>\n\n\n\n<h2 class=\"wp-block-heading\">Romance<\/h2>\n\n\n\n<p>Kimi no na wa\/ Your Name<\/p>\n\n\n\n<p>Mitsuha \u00e9 a filha do prefeito de uma pequena cidade, mas sonha em tentar a sorte em T\u00f3quio. Taki trabalha em um restaurante em T\u00f3quio e deseja largar o seu emprego. Os dois n\u00e3o se conhecem, mas est\u00e3o conectados pelas imagens de seus sonhos.<\/p>\n\n\n\n<figure class=\"wp-block-image size-large is-resized\"><img decoding=\"async\" src=\"https:\/\/i0.wp.com\/katoon.com.br\/wp-content\/uploads\/2018\/11\/Capa-Cast-12.png?resize=1140%2C641\" alt=\"\" style=\"width:544px;height:auto\"\/><\/figure>\n\n\n\n<h2 class=\"wp-block-heading\">Shonem<\/h2>\n\n\n\n<p>Naruto<\/p>\n\n\n\n<p>Naruto \u00e9 uma s\u00e9rie de mang\u00e1 escrita e ilustrada por Masashi Kishimoto, que&nbsp;<strong>conta a hist\u00f3ria de Naruto Uzumaki, um jovem ninja que constantemente procura por reconhecimento e sonha em se tornar Hokage, o ninja l\u00edder de sua vila<\/strong>.<\/p>\n\n\n\n<figure class=\"wp-block-image size-large is-resized\"><img decoding=\"async\" src=\"https:\/\/imgsrv.crunchyroll.com\/cdn-cgi\/image\/format=auto,fit=contain,width=480,height=720,quality=85\/catalog\/crunchyroll\/8532171bec0d05bfe45769a330fbab82.jpe\" alt=\"\" style=\"width:263px;height:auto\"\/><\/figure>\n\n\n\n<h2 class=\"wp-block-heading\">Shoujo<\/h2>\n\n\n\n<p>Sailor Moon<\/p>\n\n\n\n<p><strong>Usagi Tsukino, uma estudante do ensino m\u00e9dio de 14 anos, descobre por meio de uma gata falante chamada Luna que \u00e9 uma guerreira m\u00e1gica, com habilidades especiais<\/strong>. Ela ent\u00e3o se transforma em Sailor Moon e, junto com suas amigas tamb\u00e9m superpoderosas, est\u00e1 destinada a proteger a Terra das for\u00e7as do mal.<\/p>\n\n\n\n<figure class=\"wp-block-image size-large is-resized\"><img decoding=\"async\" src=\"https:\/\/m.media-amazon.com\/images\/I\/71GaxUnnb9L._AC_UF894,1000_QL80_.jpg\" alt=\"\" style=\"width:267px;height:auto\"\/><\/figure>\n\n\n\n<h2 class=\"wp-block-heading\">Seinen<\/h2>\n\n\n\n<p>Bersek&nbsp;<\/p>\n\n\n\n<p>Neste \u00e9pico medieval,&nbsp;<strong>um guerreiro errante \u00e9 recrutado pelo carism\u00e1tico l\u00edder de um bando de mercen\u00e1rios para seguir em uma jornada brutal em busca de fama e gl\u00f3ria<\/strong>.<\/p>\n\n\n\n<figure class=\"wp-block-image size-large is-resized\"><img decoding=\"async\" src=\"https:\/\/m.media-amazon.com\/images\/I\/61axXmHaqiL._AC_UF1000,1000_QL80_.jpg\" alt=\"\" style=\"width:267px;height:auto\"\/><\/figure>\n\n\n\n<div style=\"height:100px\" aria-hidden=\"true\" class=\"wp-block-spacer\"><\/div>\n\n\n\n<p><strong>Deixe seu feedback abaixo:<\/strong><\/p>\n\n\n\n<div class=\"wpcf7 no-js\" id=\"wpcf7-f177-o1\" lang=\"pt-BR\" dir=\"ltr\">\n<div class=\"screen-reader-response\"><p role=\"status\" aria-live=\"polite\" aria-atomic=\"true\"><\/p> <ul><\/ul><\/div>\n<form action=\"\/index.php\/wp-json\/wp\/v2\/pages\/109#wpcf7-f177-o1\" method=\"post\" class=\"wpcf7-form init\" aria-label=\"Formul\u00e1rios de contato\" novalidate=\"novalidate\" data-status=\"init\">\n<div style=\"display: none;\">\n<input type=\"hidden\" name=\"_wpcf7\" value=\"177\" \/>\n<input type=\"hidden\" name=\"_wpcf7_version\" value=\"5.9.3\" \/>\n<input type=\"hidden\" name=\"_wpcf7_locale\" value=\"pt_BR\" \/>\n<input type=\"hidden\" name=\"_wpcf7_unit_tag\" value=\"wpcf7-f177-o1\" \/>\n<input type=\"hidden\" name=\"_wpcf7_container_post\" value=\"0\" \/>\n<input type=\"hidden\" name=\"_wpcf7_posted_data_hash\" value=\"\" \/>\n<\/div>\n<p><label> Seu nome<br \/>\n<span class=\"wpcf7-form-control-wrap\" data-name=\"your-name\"><input size=\"40\" class=\"wpcf7-form-control wpcf7-text wpcf7-validates-as-required\" autocomplete=\"name\" aria-required=\"true\" aria-invalid=\"false\" value=\"\" type=\"text\" name=\"your-name\" \/><\/span> <\/label>\n<\/p>\n<p><label> Seu e-mail<br \/>\n<span class=\"wpcf7-form-control-wrap\" data-name=\"your-email\"><input size=\"40\" class=\"wpcf7-form-control wpcf7-email wpcf7-validates-as-required wpcf7-text wpcf7-validates-as-email\" autocomplete=\"email\" aria-required=\"true\" aria-invalid=\"false\" value=\"\" type=\"email\" name=\"your-email\" \/><\/span> <\/label>\n<\/p>\n<p><label> Seu anime favorito (opcional)<br \/>\n<span class=\"wpcf7-form-control-wrap\" data-name=\"your-message\"><textarea cols=\"40\" rows=\"10\" class=\"wpcf7-form-control wpcf7-textarea\" aria-invalid=\"false\" name=\"your-message\"><\/textarea><\/span> <\/label>\n<\/p>\n<p><input class=\"wpcf7-form-control wpcf7-submit has-spinner\" type=\"submit\" value=\"Enviar\" \/>\n<\/p><div class=\"wpcf7-response-output\" aria-hidden=\"true\"><\/div>\n<\/form>\n<\/div>\n\n","protected":false},"excerpt":{"rendered":"<p>Ap\u00f3s ler nossa pagina sobre a hist\u00f3ria de animes ficou a curiosidade para ver os mais atuais e remondados, ent\u00e3o separamos aqui alguns deles pra voc\u00ea: Psicologia Death Note Um estudante de repente encontra um caderno que caiu do c\u00e9u. Trata-se do Death Note, que permite ao seu portador matar qualquer pessoa a partir da [&hellip;]<\/p>\n","protected":false},"author":4,"featured_media":0,"parent":0,"menu_order":0,"comment_status":"closed","ping_status":"closed","template":"","meta":{"footnotes":""},"yoast_head":"<!-- This site is optimized with the Yoast SEO plugin v22.6 - https:\/\/yoast.com\/wordpress\/plugins\/seo\/ -->\n<title>Animes recomendados - TECCINE<\/title>\n<meta name=\"robots\" content=\"index, follow, max-snippet:-1, max-image-preview:large, max-video-preview:-1\" \/>\n<link rel=\"canonical\" href=\"https:\/\/gzs09.zappacorp.com\/index.php\/zika-pakas-part-3\/\" \/>\n<meta property=\"og:locale\" content=\"pt_BR\" \/>\n<meta property=\"og:type\" content=\"article\" \/>\n<meta property=\"og:title\" content=\"Animes recomendados - TECCINE\" \/>\n<meta property=\"og:description\" content=\"Ap\u00f3s ler nossa pagina sobre a hist\u00f3ria de animes ficou a curiosidade para ver os mais atuais e remondados, ent\u00e3o separamos aqui alguns deles pra voc\u00ea: Psicologia Death Note Um estudante de repente encontra um caderno que caiu do c\u00e9u. Trata-se do Death Note, que permite ao seu portador matar qualquer pessoa a partir da [&hellip;]\" \/>\n<meta property=\"og:url\" content=\"https:\/\/gzs09.zappacorp.com\/index.php\/zika-pakas-part-3\/\" \/>\n<meta property=\"og:site_name\" content=\"TECCINE\" \/>\n<meta property=\"article:modified_time\" content=\"2024-04-29T20:01:26+00:00\" \/>\n<meta property=\"og:image\" content=\"https:\/\/images.justwatch.com\/poster\/210194718\/s592\/death-note\" \/>\n<meta name=\"twitter:card\" content=\"summary_large_image\" \/>\n<meta name=\"twitter:label1\" content=\"Est. tempo de leitura\" \/>\n\t<meta name=\"twitter:data1\" content=\"3 minutos\" \/>\n<script type=\"application\/ld+json\" class=\"yoast-schema-graph\">{\"@context\":\"https:\/\/schema.org\",\"@graph\":[{\"@type\":\"WebPage\",\"@id\":\"https:\/\/gzs09.zappacorp.com\/index.php\/zika-pakas-part-3\/\",\"url\":\"https:\/\/gzs09.zappacorp.com\/index.php\/zika-pakas-part-3\/\",\"name\":\"Animes recomendados - TECCINE\",\"isPartOf\":{\"@id\":\"https:\/\/gzs09.zappacorp.com\/#website\"},\"primaryImageOfPage\":{\"@id\":\"https:\/\/gzs09.zappacorp.com\/index.php\/zika-pakas-part-3\/#primaryimage\"},\"image\":{\"@id\":\"https:\/\/gzs09.zappacorp.com\/index.php\/zika-pakas-part-3\/#primaryimage\"},\"thumbnailUrl\":\"https:\/\/images.justwatch.com\/poster\/210194718\/s592\/death-note\",\"datePublished\":\"2024-04-15T18:49:39+00:00\",\"dateModified\":\"2024-04-29T20:01:26+00:00\",\"breadcrumb\":{\"@id\":\"https:\/\/gzs09.zappacorp.com\/index.php\/zika-pakas-part-3\/#breadcrumb\"},\"inLanguage\":\"pt-BR\",\"potentialAction\":[{\"@type\":\"ReadAction\",\"target\":[\"https:\/\/gzs09.zappacorp.com\/index.php\/zika-pakas-part-3\/\"]}]},{\"@type\":\"ImageObject\",\"inLanguage\":\"pt-BR\",\"@id\":\"https:\/\/gzs09.zappacorp.com\/index.php\/zika-pakas-part-3\/#primaryimage\",\"url\":\"https:\/\/images.justwatch.com\/poster\/210194718\/s592\/death-note\",\"contentUrl\":\"https:\/\/images.justwatch.com\/poster\/210194718\/s592\/death-note\"},{\"@type\":\"BreadcrumbList\",\"@id\":\"https:\/\/gzs09.zappacorp.com\/index.php\/zika-pakas-part-3\/#breadcrumb\",\"itemListElement\":[{\"@type\":\"ListItem\",\"position\":1,\"name\":\"In\u00edcio\",\"item\":\"https:\/\/gzs09.zappacorp.com\/\"},{\"@type\":\"ListItem\",\"position\":2,\"name\":\"Animes recomendados\"}]},{\"@type\":\"WebSite\",\"@id\":\"https:\/\/gzs09.zappacorp.com\/#website\",\"url\":\"https:\/\/gzs09.zappacorp.com\/\",\"name\":\"TECCINE\",\"description\":\"\",\"publisher\":{\"@id\":\"https:\/\/gzs09.zappacorp.com\/#organization\"},\"potentialAction\":[{\"@type\":\"SearchAction\",\"target\":{\"@type\":\"EntryPoint\",\"urlTemplate\":\"https:\/\/gzs09.zappacorp.com\/?s={search_term_string}\"},\"query-input\":\"required name=search_term_string\"}],\"inLanguage\":\"pt-BR\"},{\"@type\":\"Organization\",\"@id\":\"https:\/\/gzs09.zappacorp.com\/#organization\",\"name\":\"TECCINE\",\"url\":\"https:\/\/gzs09.zappacorp.com\/\",\"logo\":{\"@type\":\"ImageObject\",\"inLanguage\":\"pt-BR\",\"@id\":\"https:\/\/gzs09.zappacorp.com\/#\/schema\/logo\/image\/\",\"url\":\"https:\/\/gzs09.zappacorp.com\/wp-content\/uploads\/2024\/04\/cropped-DOEVIDA.png\",\"contentUrl\":\"https:\/\/gzs09.zappacorp.com\/wp-content\/uploads\/2024\/04\/cropped-DOEVIDA.png\",\"width\":512,\"height\":512,\"caption\":\"TECCINE\"},\"image\":{\"@id\":\"https:\/\/gzs09.zappacorp.com\/#\/schema\/logo\/image\/\"}}]}<\/script>\n<!-- \/ Yoast SEO plugin. -->","yoast_head_json":{"title":"Animes recomendados - TECCINE","robots":{"index":"index","follow":"follow","max-snippet":"max-snippet:-1","max-image-preview":"max-image-preview:large","max-video-preview":"max-video-preview:-1"},"canonical":"https:\/\/gzs09.zappacorp.com\/index.php\/zika-pakas-part-3\/","og_locale":"pt_BR","og_type":"article","og_title":"Animes recomendados - TECCINE","og_description":"Ap\u00f3s ler nossa pagina sobre a hist\u00f3ria de animes ficou a curiosidade para ver os mais atuais e remondados, ent\u00e3o separamos aqui alguns deles pra voc\u00ea: Psicologia Death Note Um estudante de repente encontra um caderno que caiu do c\u00e9u. Trata-se do Death Note, que permite ao seu portador matar qualquer pessoa a partir da [&hellip;]","og_url":"https:\/\/gzs09.zappacorp.com\/index.php\/zika-pakas-part-3\/","og_site_name":"TECCINE","article_modified_time":"2024-04-29T20:01:26+00:00","og_image":[{"url":"https:\/\/images.justwatch.com\/poster\/210194718\/s592\/death-note"}],"twitter_card":"summary_large_image","twitter_misc":{"Est. tempo de leitura":"3 minutos"},"schema":{"@context":"https:\/\/schema.org","@graph":[{"@type":"WebPage","@id":"https:\/\/gzs09.zappacorp.com\/index.php\/zika-pakas-part-3\/","url":"https:\/\/gzs09.zappacorp.com\/index.php\/zika-pakas-part-3\/","name":"Animes recomendados - TECCINE","isPartOf":{"@id":"https:\/\/gzs09.zappacorp.com\/#website"},"primaryImageOfPage":{"@id":"https:\/\/gzs09.zappacorp.com\/index.php\/zika-pakas-part-3\/#primaryimage"},"image":{"@id":"https:\/\/gzs09.zappacorp.com\/index.php\/zika-pakas-part-3\/#primaryimage"},"thumbnailUrl":"https:\/\/images.justwatch.com\/poster\/210194718\/s592\/death-note","datePublished":"2024-04-15T18:49:39+00:00","dateModified":"2024-04-29T20:01:26+00:00","breadcrumb":{"@id":"https:\/\/gzs09.zappacorp.com\/index.php\/zika-pakas-part-3\/#breadcrumb"},"inLanguage":"pt-BR","potentialAction":[{"@type":"ReadAction","target":["https:\/\/gzs09.zappacorp.com\/index.php\/zika-pakas-part-3\/"]}]},{"@type":"ImageObject","inLanguage":"pt-BR","@id":"https:\/\/gzs09.zappacorp.com\/index.php\/zika-pakas-part-3\/#primaryimage","url":"https:\/\/images.justwatch.com\/poster\/210194718\/s592\/death-note","contentUrl":"https:\/\/images.justwatch.com\/poster\/210194718\/s592\/death-note"},{"@type":"BreadcrumbList","@id":"https:\/\/gzs09.zappacorp.com\/index.php\/zika-pakas-part-3\/#breadcrumb","itemListElement":[{"@type":"ListItem","position":1,"name":"In\u00edcio","item":"https:\/\/gzs09.zappacorp.com\/"},{"@type":"ListItem","position":2,"name":"Animes recomendados"}]},{"@type":"WebSite","@id":"https:\/\/gzs09.zappacorp.com\/#website","url":"https:\/\/gzs09.zappacorp.com\/","name":"TECCINE","description":"","publisher":{"@id":"https:\/\/gzs09.zappacorp.com\/#organization"},"potentialAction":[{"@type":"SearchAction","target":{"@type":"EntryPoint","urlTemplate":"https:\/\/gzs09.zappacorp.com\/?s={search_term_string}"},"query-input":"required name=search_term_string"}],"inLanguage":"pt-BR"},{"@type":"Organization","@id":"https:\/\/gzs09.zappacorp.com\/#organization","name":"TECCINE","url":"https:\/\/gzs09.zappacorp.com\/","logo":{"@type":"ImageObject","inLanguage":"pt-BR","@id":"https:\/\/gzs09.zappacorp.com\/#\/schema\/logo\/image\/","url":"https:\/\/gzs09.zappacorp.com\/wp-content\/uploads\/2024\/04\/cropped-DOEVIDA.png","contentUrl":"https:\/\/gzs09.zappacorp.com\/wp-content\/uploads\/2024\/04\/cropped-DOEVIDA.png","width":512,"height":512,"caption":"TECCINE"},"image":{"@id":"https:\/\/gzs09.zappacorp.com\/#\/schema\/logo\/image\/"}}]}},"_links":{"self":[{"href":"https:\/\/gzs09.zappacorp.com\/index.php\/wp-json\/wp\/v2\/pages\/109"}],"collection":[{"href":"https:\/\/gzs09.zappacorp.com\/index.php\/wp-json\/wp\/v2\/pages"}],"about":[{"href":"https:\/\/gzs09.zappacorp.com\/index.php\/wp-json\/wp\/v2\/types\/page"}],"author":[{"embeddable":true,"href":"https:\/\/gzs09.zappacorp.com\/index.php\/wp-json\/wp\/v2\/users\/4"}],"replies":[{"embeddable":true,"href":"https:\/\/gzs09.zappacorp.com\/index.php\/wp-json\/wp\/v2\/comments?post=109"}],"version-history":[{"count":14,"href":"https:\/\/gzs09.zappacorp.com\/index.php\/wp-json\/wp\/v2\/pages\/109\/revisions"}],"predecessor-version":[{"id":206,"href":"https:\/\/gzs09.zappacorp.com\/index.php\/wp-json\/wp\/v2\/pages\/109\/revisions\/206"}],"wp:attachment":[{"href":"https:\/\/gzs09.zappacorp.com\/index.php\/wp-json\/wp\/v2\/media?parent=109"}],"curies":[{"name":"wp","href":"https:\/\/api.w.org\/{rel}","templated":true}]}}