{"id":107,"date":"2024-04-15T15:49:09","date_gmt":"2024-04-15T18:49:09","guid":{"rendered":"https:\/\/gzs09.zappacorp.com\/?page_id=107"},"modified":"2024-04-29T16:55:27","modified_gmt":"2024-04-29T19:55:27","slug":"desenhos_animados","status":"publish","type":"page","link":"https:\/\/gzs09.zappacorp.com\/index.php\/desenhos_animados\/","title":{"rendered":"Hist\u00f3ria dos Desenhos"},"content":{"rendered":"\n<p>O desenho animado surgiu no in\u00edcio do s\u00e9culo XX, derivado de uma sequ\u00eancia de quadros feitos \u00e0 m\u00e3o. Na anima\u00e7\u00e3o manual a ilustra\u00e7\u00e3o \u00e9 feita com l\u00e1pis e papel e cada pose da personagem \u00e9 desenhada separadamente para a cria\u00e7\u00e3o de uma sequ\u00eancia l\u00f3gica que d\u00e1 a impress\u00e3o de movimento. Atualmente, com o avan\u00e7o da computa\u00e7\u00e3o, raras s\u00e3o as anima\u00e7\u00f5es manuais feitas para comercializa\u00e7\u00e3o no cinema ou na TV. Surgida na d\u00e9cada de 1970, a computa\u00e7\u00e3o gr\u00e1fica possibilitou auxiliar o processo produtivo de anima\u00e7\u00e3o, aumentando a produtividade, dado que n\u00e3o \u00e9 mais necess\u00e1rio contornar e pintar repetidamente todo quadro \u00e0 m\u00e3o, o que reduz o tempo de renderiza\u00e7\u00e3o [Yoon (2008)].&nbsp;<\/p>\n\n\n\n<p>O aux\u00edlio computacional no processo de anima\u00e7\u00e3o resulta em um desenho animado digital visto tamb\u00e9m, na maioria das vezes, na dimens\u00e3o 2D, cuja qualidade depende muito do n\u00famero de quadros de cada \u201ctomada\u201d, que segmenta a obra audiovisual em anima\u00e7\u00e3o completa ou limitada. A anima\u00e7\u00e3o digital 2D completa requer o registro de, no m\u00ednimo, 18 quadros por segundo, ofertando um desenho detalhado e um movimento regular. A anima\u00e7\u00e3o limitada usa um n\u00famero menor de quadros por segundo, o que resulta em um desenho menos detalhado. O uso de um n\u00famero menor de quadros que conectam os desenhos para criar as imagens reduz custos de produ\u00e7\u00e3o, mas sacrifica a descri\u00e7\u00e3o realista dos movimentos e imagens. Consequentemente, a anima\u00e7\u00e3o digital 2D completa tende a ser usada quando se busca qualidade, como no caso de longas-metragens para cinema, o que aumenta o or\u00e7amento dos projetos, enquanto a anima\u00e7\u00e3o 2D limitada tende a ser usada em projetos focados em or\u00e7amentos menores, como no caso de s\u00e9ries de anima\u00e7\u00e3o para a TV e&nbsp;<em>direct-to-video<\/em>. Em 2013, a produ\u00e7\u00e3o de anima\u00e7\u00e3o digital 2D limitada para TV foi respons\u00e1vel por 90% do total produzido para as televis\u00f5es do mundo [Digital Vector (2014)].&nbsp;<\/p>\n\n\n\n<h2 class=\"wp-block-heading\"><strong>Imagem 2D x 3D<\/strong><\/h2>\n\n\n\n<p>Na imagem 2D, n\u00e3o h\u00e1 volume e a representa\u00e7\u00e3o da realidade depende da percep\u00e7\u00e3o do animador, dificultando a visualiza\u00e7\u00e3o dos detalhes e impossibilitando o reconhecimento da estrutura real do objeto. Com as imagens 3D, que s\u00e3o compostas em conjunto, \u00e9 poss\u00edvel a total compreens\u00e3o tridimensional do objeto. H\u00e1 presen\u00e7a de volume, e a representa\u00e7\u00e3o da realidade \u00e9 mais exata.<\/p>\n\n\n\n<p>Renderiza\u00e7\u00e3o \u00e9 o processo no qual se converte uma s\u00e9rie de imagens em um arquivo visual. Ao renderizar, o programa calcula para cada cena a perspectiva do plano \u2013 2D ou 3D \u2013, a textura, a cor e a transpar\u00eancia dos objetos, al\u00e9m das sombras e da luz dos planos trabalhados. Ao longo da hist\u00f3ria da computa\u00e7\u00e3o gr\u00e1fica, o ato de renderizar sempre exigiu grande capacidade computacional. Renderizar requer defini\u00e7\u00f5es da localiza\u00e7\u00e3o da c\u00e2mera e da luz, isto \u00e9, a cena \u00e9 marcada por raios de luz imagin\u00e1rios que ligam o olho do espectador ao objeto atrav\u00e9s de uma janela que representa a \u201ctela\u201d, o que torna essa tarefa extremamente complexa.<\/p>\n\n\n\n<p>O primeiro desenho animado a ser feito e publicado nos cinemas foi <strong>\u201cFantasmagorie\u201d<\/strong><\/p>\n\n\n\n<figure class=\"wp-block-image size-large is-resized\"><img decoding=\"async\" src=\"data:image\/webp;base64,UklGRnAPAABXRUJQVlA4IGQPAABwRQCdASoRAZ4APpFCnEmlo6KhJzRr4LASCWlu3WBpJ\/+SXat\/ifEX8Z+Zftv9j\/cP1ps7dpX8l+6n7D\/B+e\/\/D8FfhXqBfkf88\/zn5lcFIAL6q99NqreCPYC\/NPjfaA3izaXnr31Nf79\/1jHVNhTevGgdb2LGx8ce8nVjEYRiMIxGEXDKIus\/3nGWj+8RhJJCMol+gryBMCP2+CYMIeRH5BGMMVIyJiQLg3VNlDmZRvIYPvyDDjPvRo7SNJEGEiesTs0HyKcbfqo\/KaVAZ6Hy5OW6uw0RJ65\/KnlmF3NgRy4qM9WnG5RbbM8p\/5H7R3XEOAMuxVlbwi\/KXUOq14wUs+4APTglP4V5Z+383sXpHI1oQqg3uAxGbtMAc\/ubVi2blLR4Vfbsw53WmxRixy0O\/pUdvfB3dYJ81JabVKZ56kiBhMZscKKTe2KdX8c7EYxYjFJMdlUWTOkcMT4F4UKmp7fC8RJm5JKte9cjNF6\/9ZR37nyyLLU8smq4ph1wD6g+Zr\/F\/qUjAYMl4X8RNntkVvvM\/tw8+g0Ho02TRvPL2MomAZ1B+Q+pH0PwfkVWa7JHV5tnKHcRWf6+C\/jqTV+9b4ZaIGnw1IHkpvVtPnkWDBQzvJ8PIz\/z4vR5b5W5uVwgWLef\/yT83IcTM\/\/6G8vm7zBHzkVJM7iVQNEtDwtH+vHcGWhbYh5vMOAFRCZo9nZqsA8d4SLQyPPmr0vA2XWv\/CR\/\/9cMnY\/B5gXpFcPgQLEBdQAA\/vudw9I3nTQubn\/\/iPOrCOLrDxBiHPHVp6TzavjTEUTwUdRpvoNa2G5tCc3vYDD8yabigkILGN48J\/vX7rPsYerKd7x1vT1LP1FaFD3+GnDSD9rRf1O0o8MbliPRMY75YHNJptCXOzpZDvUinLcwxueilHuj0YqIVRZgB5exZXQdsVv2UirP3HvHTyM2mlITjnBIe\/PbGk5opo+KXt049gew+mLP5QTdEKAZUQA2EazyChKMiO7980ra4y7wHo8Sh2GUl6cqh1GBFlPhhj\/xgcPAeTDMGlK\/3Fz3wmVGQUSGI8j0V5saw16QIebFjVyHCVVI3jqQdLt54vsLxuvmWuC5R4aqJQVKu0HhFORw2aIPVf0rpH+zEZ02O4LLpDk+YulcpTispbqJ8vrZuDlX23g+nJ6B1HROvVQcY4h6yX7KBPIGxuCN7YIREUI39eLQtb6WsNfJgiu8RgvMXBvPFFUgTT0Dl0Y5GdXsAougmVTRcX+SpVLgkpu8ZHl5TB8aZBq+eyqEy6Q07es7YBjnlM2jIavukoHtgoTtt8yqltOLrPvxJbfR148bPjDMn4JTai5ycgjbtmImKKwk0CYIx0Zi1Lhuo1qrwnEc57zDLRbHY2flOT13YxrkK9uPqUk\/8DPj+FWrrSiZZHyYuKjmLyZ0DoG9yP68FOS1bE09Ewgpy\/PdvN7L7lYx9oWRzH00moXnoQ9KRthyDqUBqr0KwU7nYha8Qj+ykUBQvB0WBzzjrbHCyQBuEX\/iN9A1yjjd0MNx6LJoqUGzkjVB5Wib6xft4e6tOweKyO8g2lTQADMlPB4PsJ1zV2UkHJIfAZSwypPWddvhlG\/RwgtU62K9oyi2LMxff9lK63HhnFVR6nRBtEpM2g4aWieOCRi+z8Fu1mwH4LzhdjFSm4+S2u0yMe4z+FKq3WkFRiwNJk2ibJguuTTWRDI5bGR+UMx\/QvKKHvdZIsVyDifn09TouZf+2IEyX6hPbD5XAXGFDCdubmqUjfAhwgwnNmuFBE5hbbMkBR4KtAsD8LWsodMBzm1CbL+KRIFNmv2SIebpOVaS0Fqp5jBHcodJFc8sP\/wpmrB7ewGPawHSPaqHpo9lJazT3krooD1Hpe+I8Ok4oTVGVbVJ\/EGM8OtBEXe2enwWxEhPkkivkVObtULdsvmIbbbSb1HVTWr63FW6am5v\/nmzpzi0giqAsyYmWbait7\/q4T0+HlqqcUdgL74TGKihHI8cpxi\/ggsclxmZxg4Moi04IMayQbU++8tYv\/yUm5b27xvwrFzoawIrq5iOIeAttyfoHF3M7FuK7qMv+O4LNFtvpe8HXHOxFmqtCgk\/YVP24mUdJS+Pr2VAsQ5n39JaxV42V9d4CDXw1FfG0Ebiq7UX4KBQ+WIjECTe+XTJGy\/LbHa5eZCBVAN\/045i9nhJo9mF1XctT7uZkEEGXc5d+wxI5KU88LRdlUMiyIKpthDftw\/5o21TMy\/2MG\/5SCWwO3vxpA+s6tPiSQOBb\/zS2lmVGFdsAi9zqp2aj2Suwvrt2qsLSKyzqsrvSdhxZTslHQQF\/2Ub1fWQpIVRWh2orTgJAis6QlkWUI\/nlWUPf8guhZgf\/7fFiFuN45s9Gljdp4DHftrDq7abP4jZsT36E+wd47+QdZs\/XETsr0Zva1TmglZxWHeQquWcKxVIauNvTpVcBYZS8TuSQtN09rio3V4J2VUIArm6nN8lipwkl+o2xejfqxduX4l9EVUBOQ2SnO2uE1Stw6c1sByKHQSIE1\/isxFsLbB5U11sRBZpjozaQrg+Nz\/r6GYTaIh+jsx+dVl\/pSlPMlRTkTIsFHku24LXnF3LE+djV63xoV5SONiTfNSMKBu6\/+aonAsHDxnPKd\/bRLQVaXfkOCbnHNqrVZ7ihwB\/vLOMaQXPbBggsZHJVGMatL3h2OzF7jrdmv7JS1JKABL5I61939PT0ZyxA7jSlB59zb45nSoduIyBxWt3q914Ej73Qg+wBTSiaUBcHa92v0Jw4HI30W8wWI3+fGTNthjX024S3zdWZOJ35Gmj56JpaJQOV+vR8vWtsG8gOloN\/BEHoppk7C7pOhL9ilMSi\/jKYc+pjN97rrmUIGjscQ3JmVYPSbeQFuRMfODzbopFxATAU63+53YS1vaU2K3Tjbm1aorFKc8WJ5hkImGooDuvUdiRGDUcy199+E7xwLsk82ooJBFsMfe\/+4PxW2tFGk5n6uhSdlgPeoOt4PqnezTmh7Q4XXkK58rPiF4GFEZ2FcxRHHGe5x1EOXlAinf8lc0p8OfbfXVAYIppncPXaOcI7J+sN7KcMSknvrgyJVygTTcO3R4LIaGHGtkVklnjotpRFL3IHeNe2ktigneuRKlfz1zhcAYgBFR5EY8\/BNCyp+nM69EHBKXptTM6lKmDnZFYqrTBa3\/W0TyPlukYHJYvy2fGZh8qCX8WKy9CaCifzi0jBajQ3H6Mx9vtjYb43He5aqGpCMKHbky2oNdcF2QuY6J9H\/uEIpLq+ouv\/o\/QKkPyqrLVxbYDYd23GULjpdZ6b2krrQNE3lD1jV862oJ2+IQ8UwvCQxzqFbyQVZ7FHiuBZifwwL4H6ChlJSu8sPk9W\/YR2F\/q0IiwQaIT9IX6ydMiO+UglEohrq1GrC9KKIS0QUZjnqUvTt8783hsC1X1w9udTEjgo15ouaU44zAL1czXjS38TOMAbIr0lItfPLEnA92mKS+zPglwsxMjymqloWow+cZ1NhNYClSF0WjpWr1INqZXoOJAiwM\/C1vB3CEW0Fy3eZdvtE7vs5LcKM4iopIigH+gJjrEXa558ad2524p1ObJ\/gFN\/6cgMIA0LziRwnIw7VGKe2BdRjSth3wNVX+kq+zeoP5PzBEgdR39LcK5iQ3KZt+K7LWS6Pnibo\/p7Px7XTztbLh8K+gw0JFEIANNiOi3y0WPFaElPjicy5yT5CfDz51hO5VZlTsNF\/lYll09Q9Vg0tOVUm9zN4bNh3q6AORQlErd1PtVyfFzU8gbdHbgAP7UxZOhsJHv+OSpQdvv6cKf0PmE80WqjbnP2beIMKxu5YomJGGkdOkYlYq2ffN4ekr5kCk1njDzQEB7SODMDoClfZg\/BICtVq9m7EspJDCqy9TO22KI9UZcxXRt33UodBTOD+MMd6s9KBeT2+KYBSJtxE56WgOome5RMR2L9YHrJaDHrNJlMNa9w86bUSeED53dYoou99lyfAcLEertsW3Mp9o6ozS1CWU0LnYLzzdOupQaCjNgCa0lPRh8hPPQU0fcaZMR8WRQSUAx8XnAem1UMzLBfnxLbLBLHdyQWsfGVI9nBMKu\/7VP7YRaPObw\/QwyqYs23J1Lc4W10aIX5aZS0oi9cDCpdPVkG7RyYkva2aivrNZF1Toxt8ju3bvKt8pabt8tLYfqaMsa5n5Zs1L4nfb7IciX80VPXeMmGVYPeAysU+pxCSoO8kTkzoVHr8c71wtDbfr61UwYw5xar3kWJOar0NPCMbiuiLBTJhuMFxDSNQ9uATJ6utNqwaP6ntbvnVMh\/E55qARZ\/EzgdM8BZ1YoVOrwo1i2QTecqUo1CGCR4mzOIP4zAOb0ulS121wuoW1YEDbZFvf2Q\/zg+vtg8vaMHHVdMJdoUfWsnJKjZpVy2i0wHbH5q7oZvSv58spF\/TYo9WtW+7\/6N3WCwDFMIYVVbR\/ICwrh6ID5lk02f5oiC4aJW8r\/vXguKCFzFcTHh7Ak2u7fsXZsYKwk0Bo89+kcQ3uNWwX7OTX\/Udwh3LMJPn9Mjze0by+pDNxsUb683vu6hSTe5c5XueON0pmpG9hFfm8C7zHkA9S1eRZqdqkrg+mETegNJD1\/37n\/REqgBsSfQuhn8iPV+KH8WlnOwZRWOvXn\/+glDHYXoPYFWNt\/\/K5TgvxbTQTpLe2oJXXM\/OxgUw6E0Sb05tm7DGVswyrvdLTwzgtEwtGvFF9hP1XoB9t4HLrbUjFhwdx71CRYuCXInGyc1QzIjglLgkTQzSABY3ZKoXxZs\/ygZOJuEmZVnq3VlQZWLF43yvEczZ0DSWB6Jw2wkoHa7FCJM8r9aAqmgEHytSWvtXgDPVT2jAbQ2Vf5UhbheYPXhTm9767N1SKBRyby8\/eb7XelQFMyZLlQAMyY9H+mpckhSo1mrS4S4UL2hv9\/WbCtEykh0PR+kpcnxXC5\/deGbtc9tSbk1jhOSidxp4JWuVnIXwN\/jVzoLfj6WVANk0gkc8T5dnzb4Ao7FAIAkRM76cybzHFiKgi9eFGFpOaPU49d7vffNEu7Sjtl1om944sxtOUeKmR2s4tyx6MKWMyONbMXQGbKjptvmvuSuSFr3Hgp\/TozvM5ugBoEH2KwztBQu3xexLpb1LEG4pGdwth3wMFDoqMCjNwCm3sIysszTe6PUOcc2ZxseSTFVvrcTGmfqhlGTpkt7fIZEeYv6JW2fwkAoTQh3Y218PygILwiuD8m1tQPMvCimjg9PWHAqabZ4ChO77pkD1kMAAAA\" alt=\"\" style=\"width:465px;height:auto\"\/><\/figure>\n\n\n\n<p>S\u00e3o Paulo \u2013 Considerado o primeiro desenho animado da hist\u00f3ria, o &#8220;Fantasmagorie&#8221; completa hoje 104 anos desde a sua primeira exibi\u00e7\u00e3o no&nbsp;<strong>cinema<\/strong>. O curta de pouco mais de 1 minuto foi feito em 1908 e \u00e9 obra do franc\u00eas \u00c9mile Cohl, conhecido como o pai da anima\u00e7\u00e3o.&nbsp;<\/p>\n\n\n\n<div style=\"height:109px\" aria-hidden=\"true\" class=\"wp-block-spacer\"><\/div>\n\n\n\n<div class=\"wp-block-contact-form-7-contact-form-selector\">\n<div class=\"wpcf7 no-js\" id=\"wpcf7-f192-o1\" lang=\"pt-BR\" dir=\"ltr\">\n<div class=\"screen-reader-response\"><p role=\"status\" aria-live=\"polite\" aria-atomic=\"true\"><\/p> <ul><\/ul><\/div>\n<form action=\"\/index.php\/wp-json\/wp\/v2\/pages\/107#wpcf7-f192-o1\" method=\"post\" class=\"wpcf7-form init\" aria-label=\"Formul\u00e1rios de contato\" novalidate=\"novalidate\" data-status=\"init\">\n<div style=\"display: none;\">\n<input type=\"hidden\" name=\"_wpcf7\" value=\"192\" \/>\n<input type=\"hidden\" name=\"_wpcf7_version\" value=\"5.9.3\" \/>\n<input type=\"hidden\" name=\"_wpcf7_locale\" value=\"pt_BR\" \/>\n<input type=\"hidden\" name=\"_wpcf7_unit_tag\" value=\"wpcf7-f192-o1\" \/>\n<input type=\"hidden\" name=\"_wpcf7_container_post\" value=\"0\" \/>\n<input type=\"hidden\" name=\"_wpcf7_posted_data_hash\" value=\"\" \/>\n<\/div>\n<p><label> Seu nome<br \/>\n<span class=\"wpcf7-form-control-wrap\" data-name=\"your-name\"><input size=\"40\" class=\"wpcf7-form-control wpcf7-text wpcf7-validates-as-required\" autocomplete=\"name\" aria-required=\"true\" aria-invalid=\"false\" value=\"\" type=\"text\" name=\"your-name\" \/><\/span> <\/label>\n<\/p>\n<p><label> Seu e-mail<br \/>\n<span class=\"wpcf7-form-control-wrap\" data-name=\"your-email\"><input size=\"40\" class=\"wpcf7-form-control wpcf7-email wpcf7-validates-as-required wpcf7-text wpcf7-validates-as-email\" autocomplete=\"email\" aria-required=\"true\" aria-invalid=\"false\" value=\"\" type=\"email\" name=\"your-email\" \/><\/span> <\/label>\n<\/p>\n<p><label> Qual sua primeira experi\u00eancia com os desenhos animados?<br \/>\n<span class=\"wpcf7-form-control-wrap\" data-name=\"your-message\"><textarea cols=\"40\" rows=\"10\" class=\"wpcf7-form-control wpcf7-textarea\" aria-invalid=\"false\" name=\"your-message\"><\/textarea><\/span> <\/label>\n<\/p>\n<p><input class=\"wpcf7-form-control wpcf7-submit has-spinner\" type=\"submit\" value=\"Enviar\" \/>\n<\/p><div class=\"wpcf7-response-output\" aria-hidden=\"true\"><\/div>\n<\/form>\n<\/div>\n<\/div>\n","protected":false},"excerpt":{"rendered":"<p>O desenho animado surgiu no in\u00edcio do s\u00e9culo XX, derivado de uma sequ\u00eancia de quadros feitos \u00e0 m\u00e3o. Na anima\u00e7\u00e3o manual a ilustra\u00e7\u00e3o \u00e9 feita com l\u00e1pis e papel e cada pose da personagem \u00e9 desenhada separadamente para a cria\u00e7\u00e3o de uma sequ\u00eancia l\u00f3gica que d\u00e1 a impress\u00e3o de movimento. Atualmente, com o avan\u00e7o da [&hellip;]<\/p>\n","protected":false},"author":4,"featured_media":0,"parent":0,"menu_order":0,"comment_status":"closed","ping_status":"closed","template":"","meta":{"footnotes":""},"yoast_head":"<!-- This site is optimized with the Yoast SEO plugin v22.6 - https:\/\/yoast.com\/wordpress\/plugins\/seo\/ -->\n<title>Hist\u00f3ria dos Desenhos - TECCINE<\/title>\n<meta name=\"robots\" content=\"index, follow, max-snippet:-1, max-image-preview:large, max-video-preview:-1\" \/>\n<link rel=\"canonical\" href=\"https:\/\/gzs09.zappacorp.com\/index.php\/desenhos_animados\/\" \/>\n<meta property=\"og:locale\" content=\"pt_BR\" \/>\n<meta property=\"og:type\" content=\"article\" \/>\n<meta property=\"og:title\" content=\"Hist\u00f3ria dos Desenhos - TECCINE\" \/>\n<meta property=\"og:description\" content=\"O desenho animado surgiu no in\u00edcio do s\u00e9culo XX, derivado de uma sequ\u00eancia de quadros feitos \u00e0 m\u00e3o. Na anima\u00e7\u00e3o manual a ilustra\u00e7\u00e3o \u00e9 feita com l\u00e1pis e papel e cada pose da personagem \u00e9 desenhada separadamente para a cria\u00e7\u00e3o de uma sequ\u00eancia l\u00f3gica que d\u00e1 a impress\u00e3o de movimento. Atualmente, com o avan\u00e7o da [&hellip;]\" \/>\n<meta property=\"og:url\" content=\"https:\/\/gzs09.zappacorp.com\/index.php\/desenhos_animados\/\" \/>\n<meta property=\"og:site_name\" content=\"TECCINE\" \/>\n<meta property=\"article:modified_time\" content=\"2024-04-29T19:55:27+00:00\" \/>\n<meta name=\"twitter:card\" content=\"summary_large_image\" \/>\n<meta name=\"twitter:label1\" content=\"Est. tempo de leitura\" \/>\n\t<meta name=\"twitter:data1\" content=\"3 minutos\" \/>\n<script type=\"application\/ld+json\" class=\"yoast-schema-graph\">{\"@context\":\"https:\/\/schema.org\",\"@graph\":[{\"@type\":\"WebPage\",\"@id\":\"https:\/\/gzs09.zappacorp.com\/index.php\/desenhos_animados\/\",\"url\":\"https:\/\/gzs09.zappacorp.com\/index.php\/desenhos_animados\/\",\"name\":\"Hist\u00f3ria dos Desenhos - TECCINE\",\"isPartOf\":{\"@id\":\"https:\/\/gzs09.zappacorp.com\/#website\"},\"datePublished\":\"2024-04-15T18:49:09+00:00\",\"dateModified\":\"2024-04-29T19:55:27+00:00\",\"breadcrumb\":{\"@id\":\"https:\/\/gzs09.zappacorp.com\/index.php\/desenhos_animados\/#breadcrumb\"},\"inLanguage\":\"pt-BR\",\"potentialAction\":[{\"@type\":\"ReadAction\",\"target\":[\"https:\/\/gzs09.zappacorp.com\/index.php\/desenhos_animados\/\"]}]},{\"@type\":\"BreadcrumbList\",\"@id\":\"https:\/\/gzs09.zappacorp.com\/index.php\/desenhos_animados\/#breadcrumb\",\"itemListElement\":[{\"@type\":\"ListItem\",\"position\":1,\"name\":\"In\u00edcio\",\"item\":\"https:\/\/gzs09.zappacorp.com\/\"},{\"@type\":\"ListItem\",\"position\":2,\"name\":\"Hist\u00f3ria dos Desenhos\"}]},{\"@type\":\"WebSite\",\"@id\":\"https:\/\/gzs09.zappacorp.com\/#website\",\"url\":\"https:\/\/gzs09.zappacorp.com\/\",\"name\":\"TECCINE\",\"description\":\"\",\"publisher\":{\"@id\":\"https:\/\/gzs09.zappacorp.com\/#organization\"},\"potentialAction\":[{\"@type\":\"SearchAction\",\"target\":{\"@type\":\"EntryPoint\",\"urlTemplate\":\"https:\/\/gzs09.zappacorp.com\/?s={search_term_string}\"},\"query-input\":\"required name=search_term_string\"}],\"inLanguage\":\"pt-BR\"},{\"@type\":\"Organization\",\"@id\":\"https:\/\/gzs09.zappacorp.com\/#organization\",\"name\":\"TECCINE\",\"url\":\"https:\/\/gzs09.zappacorp.com\/\",\"logo\":{\"@type\":\"ImageObject\",\"inLanguage\":\"pt-BR\",\"@id\":\"https:\/\/gzs09.zappacorp.com\/#\/schema\/logo\/image\/\",\"url\":\"https:\/\/gzs09.zappacorp.com\/wp-content\/uploads\/2024\/04\/cropped-DOEVIDA.png\",\"contentUrl\":\"https:\/\/gzs09.zappacorp.com\/wp-content\/uploads\/2024\/04\/cropped-DOEVIDA.png\",\"width\":512,\"height\":512,\"caption\":\"TECCINE\"},\"image\":{\"@id\":\"https:\/\/gzs09.zappacorp.com\/#\/schema\/logo\/image\/\"}}]}<\/script>\n<!-- \/ Yoast SEO plugin. -->","yoast_head_json":{"title":"Hist\u00f3ria dos Desenhos - TECCINE","robots":{"index":"index","follow":"follow","max-snippet":"max-snippet:-1","max-image-preview":"max-image-preview:large","max-video-preview":"max-video-preview:-1"},"canonical":"https:\/\/gzs09.zappacorp.com\/index.php\/desenhos_animados\/","og_locale":"pt_BR","og_type":"article","og_title":"Hist\u00f3ria dos Desenhos - TECCINE","og_description":"O desenho animado surgiu no in\u00edcio do s\u00e9culo XX, derivado de uma sequ\u00eancia de quadros feitos \u00e0 m\u00e3o. Na anima\u00e7\u00e3o manual a ilustra\u00e7\u00e3o \u00e9 feita com l\u00e1pis e papel e cada pose da personagem \u00e9 desenhada separadamente para a cria\u00e7\u00e3o de uma sequ\u00eancia l\u00f3gica que d\u00e1 a impress\u00e3o de movimento. Atualmente, com o avan\u00e7o da [&hellip;]","og_url":"https:\/\/gzs09.zappacorp.com\/index.php\/desenhos_animados\/","og_site_name":"TECCINE","article_modified_time":"2024-04-29T19:55:27+00:00","twitter_card":"summary_large_image","twitter_misc":{"Est. tempo de leitura":"3 minutos"},"schema":{"@context":"https:\/\/schema.org","@graph":[{"@type":"WebPage","@id":"https:\/\/gzs09.zappacorp.com\/index.php\/desenhos_animados\/","url":"https:\/\/gzs09.zappacorp.com\/index.php\/desenhos_animados\/","name":"Hist\u00f3ria dos Desenhos - TECCINE","isPartOf":{"@id":"https:\/\/gzs09.zappacorp.com\/#website"},"datePublished":"2024-04-15T18:49:09+00:00","dateModified":"2024-04-29T19:55:27+00:00","breadcrumb":{"@id":"https:\/\/gzs09.zappacorp.com\/index.php\/desenhos_animados\/#breadcrumb"},"inLanguage":"pt-BR","potentialAction":[{"@type":"ReadAction","target":["https:\/\/gzs09.zappacorp.com\/index.php\/desenhos_animados\/"]}]},{"@type":"BreadcrumbList","@id":"https:\/\/gzs09.zappacorp.com\/index.php\/desenhos_animados\/#breadcrumb","itemListElement":[{"@type":"ListItem","position":1,"name":"In\u00edcio","item":"https:\/\/gzs09.zappacorp.com\/"},{"@type":"ListItem","position":2,"name":"Hist\u00f3ria dos Desenhos"}]},{"@type":"WebSite","@id":"https:\/\/gzs09.zappacorp.com\/#website","url":"https:\/\/gzs09.zappacorp.com\/","name":"TECCINE","description":"","publisher":{"@id":"https:\/\/gzs09.zappacorp.com\/#organization"},"potentialAction":[{"@type":"SearchAction","target":{"@type":"EntryPoint","urlTemplate":"https:\/\/gzs09.zappacorp.com\/?s={search_term_string}"},"query-input":"required name=search_term_string"}],"inLanguage":"pt-BR"},{"@type":"Organization","@id":"https:\/\/gzs09.zappacorp.com\/#organization","name":"TECCINE","url":"https:\/\/gzs09.zappacorp.com\/","logo":{"@type":"ImageObject","inLanguage":"pt-BR","@id":"https:\/\/gzs09.zappacorp.com\/#\/schema\/logo\/image\/","url":"https:\/\/gzs09.zappacorp.com\/wp-content\/uploads\/2024\/04\/cropped-DOEVIDA.png","contentUrl":"https:\/\/gzs09.zappacorp.com\/wp-content\/uploads\/2024\/04\/cropped-DOEVIDA.png","width":512,"height":512,"caption":"TECCINE"},"image":{"@id":"https:\/\/gzs09.zappacorp.com\/#\/schema\/logo\/image\/"}}]}},"_links":{"self":[{"href":"https:\/\/gzs09.zappacorp.com\/index.php\/wp-json\/wp\/v2\/pages\/107"}],"collection":[{"href":"https:\/\/gzs09.zappacorp.com\/index.php\/wp-json\/wp\/v2\/pages"}],"about":[{"href":"https:\/\/gzs09.zappacorp.com\/index.php\/wp-json\/wp\/v2\/types\/page"}],"author":[{"embeddable":true,"href":"https:\/\/gzs09.zappacorp.com\/index.php\/wp-json\/wp\/v2\/users\/4"}],"replies":[{"embeddable":true,"href":"https:\/\/gzs09.zappacorp.com\/index.php\/wp-json\/wp\/v2\/comments?post=107"}],"version-history":[{"count":5,"href":"https:\/\/gzs09.zappacorp.com\/index.php\/wp-json\/wp\/v2\/pages\/107\/revisions"}],"predecessor-version":[{"id":198,"href":"https:\/\/gzs09.zappacorp.com\/index.php\/wp-json\/wp\/v2\/pages\/107\/revisions\/198"}],"wp:attachment":[{"href":"https:\/\/gzs09.zappacorp.com\/index.php\/wp-json\/wp\/v2\/media?parent=107"}],"curies":[{"name":"wp","href":"https:\/\/api.w.org\/{rel}","templated":true}]}}