{"id":105,"date":"2024-04-15T15:46:16","date_gmt":"2024-04-15T18:46:16","guid":{"rendered":"https:\/\/gzs09.zappacorp.com\/?page_id=105"},"modified":"2024-04-29T16:56:52","modified_gmt":"2024-04-29T19:56:52","slug":"anime","status":"publish","type":"page","link":"https:\/\/gzs09.zappacorp.com\/index.php\/anime\/","title":{"rendered":"Hist\u00f3ria dos Animes"},"content":{"rendered":"<div class=\"wp-block-image\">\n<figure class=\"aligncenter size-large is-resized\"><img decoding=\"async\" src=\"https:\/\/desvendandoanimes.com.br\/wp-content\/uploads\/2023\/08\/capa-1024x576.webp\" alt=\"\" style=\"width:667px;height:auto\"\/><\/figure><\/div>\n\n\n<p>Anime ou anim\u00ea (como \u00e9 dito no Brasil) \u00e9 o nome dado para o<strong>&nbsp;tipo de desenho animado produzido no Jap\u00e3o<\/strong>.<\/p>\n\n\n\n<p>No entanto, de acordo com o conceito japon\u00eas dos animes, este termo \u00e9 utilizado para classificar todos os tipos de anima\u00e7\u00f5es, ou seja, independente da sua origem (nacional ou estrangeira).<\/p>\n\n\n\n<p>A origem da palavra anime \u00e9 incerta. Alguns pesquisadores consideram que seja uma abrevia\u00e7\u00e3o do ingl\u00eas&nbsp;<em>animation&nbsp;<\/em>(\u201canima\u00e7\u00e3o\u201d), enquanto outros defendem que possa ter surgido a partir do franc\u00eas&nbsp;<em>anim\u00e9e&nbsp;<\/em>(\u201canimado\u201d).<\/p>\n\n\n\n<p>O anime \u00e9 confundido erroneamente como um g\u00eanero de anima\u00e7\u00e3o, quando na verdade \u00e9 apenas um meio, j\u00e1 que pode apresentar in\u00fameros tipos diferentes, como infantil, terror, romance, com\u00e9dia, aventura, er\u00f3tico, fic\u00e7\u00e3o cient\u00edfica, etc.<\/p>\n\n\n\n<p>No Brasil, os animes come\u00e7aram a fazer bastante sucesso a partir de meados da d\u00e9cada de 1980. Entre os t\u00edtulos mais populares est\u00e1&nbsp;<strong>Dragon Ball<\/strong>,&nbsp;<strong>Naruto<\/strong>,&nbsp;<strong>Cavaleiros do Zod\u00edaco<\/strong>, Sakura Card Captor,&nbsp;<strong>Pok\u00e9mon<\/strong>, Digimon, Sailor Moon, Death Note,&nbsp;<strong>One Piece<\/strong>&nbsp;e v\u00e1rios outros.<\/p>\n\n\n\n<h2 class=\"wp-block-heading\">Caracter\u00edsticas dos animes<\/h2>\n\n\n\n<p>Os desenhos dos animes s\u00e3o caracterizados pela intensa demonstra\u00e7\u00e3o dos sentimentos e emo\u00e7\u00f5es dos personagens atrav\u00e9s das suas express\u00f5es faciais.<\/p>\n\n\n\n<p>Os olhos grandes, cheios de brilho e cor, as onomatopeias e express\u00f5es exageradas s\u00e3o algumas das caracter\u00edsticas mais comuns nos animes.<\/p>\n\n\n\n<h2 class=\"wp-block-heading\">Tipos de animes<\/h2>\n\n\n\n<p>Os animes podem abordar diferentes tipos de tem\u00e1ticas, atingindo um p\u00fablico-alvo espec\u00edfico. Os animes s\u00e3o classificados de acordo com o p\u00fablico e a tem\u00e1tica que possuem, os mais comuns: shonen, shoujo, seinen e hentai.<\/p>\n\n\n\n<ul>\n<li><strong>Shonen<\/strong>: os animes shonen s\u00e3o destinados para adolescentes do sexo masculino, que gostam principalmente de a\u00e7\u00e3o e aventura. Exemplo: Dragon Ball, Natura, Cavaleiro dos Zod\u00edacos, entre outros.<\/li>\n\n\n\n<li><strong>Shoujo<\/strong>: estes animes s\u00e3o direcionados principalmente para adolescentes do sexo feminino. Normalmente, tratam dos chamados &#8220;ritos de passagem&#8221; de uma mulher, os dramas e preocupa\u00e7\u00f5es t\u00edpicas das meninas durante a adolesc\u00eancia, como o primeiro amor, o primeiro beijo, etc.<\/li>\n\n\n\n<li><strong>Seinen<\/strong>: s\u00e3o animes para o p\u00fablico adulto, normalmente destinado aos homens. Tratam de assuntos mais complexos, profundos e realistas.<\/li>\n\n\n\n<li><strong>Hentai<\/strong>: s\u00e3o os chamados animes er\u00f3ticos ou pornogr\u00e1ficos, com cenas de sexo expl\u00edcito.<\/li>\n<\/ul>\n\n\n\n<p>Existem diversas outras categorias e subcategorias de animes.<\/p>\n\n\n\n<h2 class=\"wp-block-heading\">Diferen\u00e7a entre anime e mang\u00e1<\/h2>\n\n\n\n<p>O anime pode ser compreendido como as anima\u00e7\u00f5es japonesas, isto \u00e9, os cartoons ou desenhos japoneses. Estas produ\u00e7\u00f5es podem aparecer no formato de filmes ou s\u00e9ries, e costumam ser inspiradas em hist\u00f3rias da cultura do pa\u00eds ou baseadas em produ\u00e7\u00f5es pertencentes ao ramo da literatura, como os mang\u00e1s; embora tamb\u00e9m existam animes que deram origem a mang\u00e1s.<\/p>\n\n\n\n<p>Os mang\u00e1s tamb\u00e9m consistem em uma forma de ilustra\u00e7\u00e3o de personagens, assim como os animes, mas est\u00e3o conectados \u00e0 literatura e compartilham suas hist\u00f3rias por meio de textos e imagens desenhadas \u00e0 m\u00e3o. Ou seja, os mang\u00e1s s\u00e3o as hist\u00f3rias em quadrinhos japonesas. Diferente da maioria dos HQs ocidentais, os mang\u00e1s n\u00e3o possuem cores (isto \u00e9, s\u00e3o produzidos, impressos e distribu\u00eddos em preto e branco), e s\u00e3o lidos da direita para a esquerda (de tr\u00e1s para frente na percep\u00e7\u00e3o ocidental) porque este \u00e9 o sentido de leitura da l\u00edngua japonesa.<\/p>\n\n\n<div class=\"wp-block-image\">\n<figure class=\"aligncenter size-large is-resized\"><img decoding=\"async\" src=\"https:\/\/www.blog.geekpoint.com.br\/wp-content\/uploads\/2021\/10\/blog-capa.png\" alt=\"\" style=\"width:648px;height:auto\"\/><\/figure><\/div>\n\n\n<p>A rela\u00e7\u00e3o de ambas as m\u00eddias se instaura a partir do momento em que os animes se tornam adapta\u00e7\u00f5es fieis de seus mang\u00e1s: enquanto os mang\u00e1s produzem cenas em preto e branco e oferecem uma movimenta\u00e7\u00e3o mais restrita de seus personagens; os animes tem maior liberdade criativa para aprimorar os tra\u00e7os dos personagens, colorir suas roupas e cen\u00e1rios, e ainda adicionar alta maleabilidade a movimentos animados deles.<\/p>\n\n\n\n<p>Inclusive, quando o mang\u00e1, no qual o anime \u00e9 baseado, ainda n\u00e3o foi conclu\u00eddo e a adapta\u00e7\u00e3o est\u00e1 chegando perto dos \u00faltimos cap\u00edtulos publicados nos quadrinhos, a anima\u00e7\u00e3o come\u00e7a a exibir epis\u00f3dios chamados de \u201cfillers\u201d: hist\u00f3rias que n\u00e3o est\u00e3o presentes no mang\u00e1 e que n\u00e3o fazem diferen\u00e7a para compreender a narrativa principal. Os fillers atrasam a hist\u00f3ria principal para que o&nbsp;<em>mangak\u00e1&nbsp;<\/em>(autor de mang\u00e1) tenha tempo de finalizar o mang\u00e1 e s\u00f3 ent\u00e3o o anime possa retomar os acontecimentos essenciais.<\/p>\n\n\n\n<div style=\"height:76px\" aria-hidden=\"true\" class=\"wp-block-spacer\"><\/div>\n\n\n\n<div class=\"wp-block-contact-form-7-contact-form-selector\">\n<div class=\"wpcf7 no-js\" id=\"wpcf7-f195-o1\" lang=\"pt-BR\" dir=\"ltr\">\n<div class=\"screen-reader-response\"><p role=\"status\" aria-live=\"polite\" aria-atomic=\"true\"><\/p> <ul><\/ul><\/div>\n<form action=\"\/index.php\/wp-json\/wp\/v2\/pages\/105#wpcf7-f195-o1\" method=\"post\" class=\"wpcf7-form init\" aria-label=\"Formul\u00e1rios de contato\" novalidate=\"novalidate\" data-status=\"init\">\n<div style=\"display: none;\">\n<input type=\"hidden\" name=\"_wpcf7\" value=\"195\" \/>\n<input type=\"hidden\" name=\"_wpcf7_version\" value=\"5.9.3\" \/>\n<input type=\"hidden\" name=\"_wpcf7_locale\" value=\"pt_BR\" \/>\n<input type=\"hidden\" name=\"_wpcf7_unit_tag\" value=\"wpcf7-f195-o1\" \/>\n<input type=\"hidden\" name=\"_wpcf7_container_post\" value=\"0\" \/>\n<input type=\"hidden\" name=\"_wpcf7_posted_data_hash\" value=\"\" \/>\n<\/div>\n<p><label> Seu nome<br \/>\n<span class=\"wpcf7-form-control-wrap\" data-name=\"your-name\"><input size=\"40\" class=\"wpcf7-form-control wpcf7-text wpcf7-validates-as-required\" autocomplete=\"name\" aria-required=\"true\" aria-invalid=\"false\" value=\"\" type=\"text\" name=\"your-name\" \/><\/span> <\/label>\n<\/p>\n<p><label> Seu e-mail<br \/>\n<span class=\"wpcf7-form-control-wrap\" data-name=\"your-email\"><input size=\"40\" class=\"wpcf7-form-control wpcf7-email wpcf7-validates-as-required wpcf7-text wpcf7-validates-as-email\" autocomplete=\"email\" aria-required=\"true\" aria-invalid=\"false\" value=\"\" type=\"email\" name=\"your-email\" \/><\/span> <\/label>\n<\/p>\n<p><label> Qual sua primeira experi\u00eancia com os animes?<br \/>\n<span class=\"wpcf7-form-control-wrap\" data-name=\"your-message\"><textarea cols=\"40\" rows=\"10\" class=\"wpcf7-form-control wpcf7-textarea\" aria-invalid=\"false\" name=\"your-message\"><\/textarea><\/span> <\/label>\n<\/p>\n<p><input class=\"wpcf7-form-control wpcf7-submit has-spinner\" type=\"submit\" value=\"Enviar\" \/>\n<\/p><div class=\"wpcf7-response-output\" aria-hidden=\"true\"><\/div>\n<\/form>\n<\/div>\n<\/div>\n","protected":false},"excerpt":{"rendered":"<p>Anime ou anim\u00ea (como \u00e9 dito no Brasil) \u00e9 o nome dado para o&nbsp;tipo de desenho animado produzido no Jap\u00e3o. No entanto, de acordo com o conceito japon\u00eas dos animes, este termo \u00e9 utilizado para classificar todos os tipos de anima\u00e7\u00f5es, ou seja, independente da sua origem (nacional ou estrangeira). A origem da palavra anime [&hellip;]<\/p>\n","protected":false},"author":4,"featured_media":0,"parent":0,"menu_order":0,"comment_status":"closed","ping_status":"closed","template":"","meta":{"footnotes":""},"yoast_head":"<!-- This site is optimized with the Yoast SEO plugin v22.6 - https:\/\/yoast.com\/wordpress\/plugins\/seo\/ -->\n<title>Hist\u00f3ria dos Animes - TECCINE<\/title>\n<meta name=\"robots\" content=\"index, follow, max-snippet:-1, max-image-preview:large, max-video-preview:-1\" \/>\n<link rel=\"canonical\" href=\"https:\/\/gzs09.zappacorp.com\/index.php\/anime\/\" \/>\n<meta property=\"og:locale\" content=\"pt_BR\" \/>\n<meta property=\"og:type\" content=\"article\" \/>\n<meta property=\"og:title\" content=\"Hist\u00f3ria dos Animes - TECCINE\" \/>\n<meta property=\"og:description\" content=\"Anime ou anim\u00ea (como \u00e9 dito no Brasil) \u00e9 o nome dado para o&nbsp;tipo de desenho animado produzido no Jap\u00e3o. No entanto, de acordo com o conceito japon\u00eas dos animes, este termo \u00e9 utilizado para classificar todos os tipos de anima\u00e7\u00f5es, ou seja, independente da sua origem (nacional ou estrangeira). A origem da palavra anime [&hellip;]\" \/>\n<meta property=\"og:url\" content=\"https:\/\/gzs09.zappacorp.com\/index.php\/anime\/\" \/>\n<meta property=\"og:site_name\" content=\"TECCINE\" \/>\n<meta property=\"article:modified_time\" content=\"2024-04-29T19:56:52+00:00\" \/>\n<meta property=\"og:image\" content=\"https:\/\/desvendandoanimes.com.br\/wp-content\/uploads\/2023\/08\/capa-1024x576.webp\" \/>\n<meta name=\"twitter:card\" content=\"summary_large_image\" \/>\n<meta name=\"twitter:label1\" content=\"Est. tempo de leitura\" \/>\n\t<meta name=\"twitter:data1\" content=\"4 minutos\" \/>\n<script type=\"application\/ld+json\" class=\"yoast-schema-graph\">{\"@context\":\"https:\/\/schema.org\",\"@graph\":[{\"@type\":\"WebPage\",\"@id\":\"https:\/\/gzs09.zappacorp.com\/index.php\/anime\/\",\"url\":\"https:\/\/gzs09.zappacorp.com\/index.php\/anime\/\",\"name\":\"Hist\u00f3ria dos Animes - TECCINE\",\"isPartOf\":{\"@id\":\"https:\/\/gzs09.zappacorp.com\/#website\"},\"primaryImageOfPage\":{\"@id\":\"https:\/\/gzs09.zappacorp.com\/index.php\/anime\/#primaryimage\"},\"image\":{\"@id\":\"https:\/\/gzs09.zappacorp.com\/index.php\/anime\/#primaryimage\"},\"thumbnailUrl\":\"https:\/\/desvendandoanimes.com.br\/wp-content\/uploads\/2023\/08\/capa-1024x576.webp\",\"datePublished\":\"2024-04-15T18:46:16+00:00\",\"dateModified\":\"2024-04-29T19:56:52+00:00\",\"breadcrumb\":{\"@id\":\"https:\/\/gzs09.zappacorp.com\/index.php\/anime\/#breadcrumb\"},\"inLanguage\":\"pt-BR\",\"potentialAction\":[{\"@type\":\"ReadAction\",\"target\":[\"https:\/\/gzs09.zappacorp.com\/index.php\/anime\/\"]}]},{\"@type\":\"ImageObject\",\"inLanguage\":\"pt-BR\",\"@id\":\"https:\/\/gzs09.zappacorp.com\/index.php\/anime\/#primaryimage\",\"url\":\"https:\/\/desvendandoanimes.com.br\/wp-content\/uploads\/2023\/08\/capa-1024x576.webp\",\"contentUrl\":\"https:\/\/desvendandoanimes.com.br\/wp-content\/uploads\/2023\/08\/capa-1024x576.webp\"},{\"@type\":\"BreadcrumbList\",\"@id\":\"https:\/\/gzs09.zappacorp.com\/index.php\/anime\/#breadcrumb\",\"itemListElement\":[{\"@type\":\"ListItem\",\"position\":1,\"name\":\"In\u00edcio\",\"item\":\"https:\/\/gzs09.zappacorp.com\/\"},{\"@type\":\"ListItem\",\"position\":2,\"name\":\"Hist\u00f3ria dos Animes\"}]},{\"@type\":\"WebSite\",\"@id\":\"https:\/\/gzs09.zappacorp.com\/#website\",\"url\":\"https:\/\/gzs09.zappacorp.com\/\",\"name\":\"TECCINE\",\"description\":\"\",\"publisher\":{\"@id\":\"https:\/\/gzs09.zappacorp.com\/#organization\"},\"potentialAction\":[{\"@type\":\"SearchAction\",\"target\":{\"@type\":\"EntryPoint\",\"urlTemplate\":\"https:\/\/gzs09.zappacorp.com\/?s={search_term_string}\"},\"query-input\":\"required name=search_term_string\"}],\"inLanguage\":\"pt-BR\"},{\"@type\":\"Organization\",\"@id\":\"https:\/\/gzs09.zappacorp.com\/#organization\",\"name\":\"TECCINE\",\"url\":\"https:\/\/gzs09.zappacorp.com\/\",\"logo\":{\"@type\":\"ImageObject\",\"inLanguage\":\"pt-BR\",\"@id\":\"https:\/\/gzs09.zappacorp.com\/#\/schema\/logo\/image\/\",\"url\":\"https:\/\/gzs09.zappacorp.com\/wp-content\/uploads\/2024\/04\/cropped-DOEVIDA.png\",\"contentUrl\":\"https:\/\/gzs09.zappacorp.com\/wp-content\/uploads\/2024\/04\/cropped-DOEVIDA.png\",\"width\":512,\"height\":512,\"caption\":\"TECCINE\"},\"image\":{\"@id\":\"https:\/\/gzs09.zappacorp.com\/#\/schema\/logo\/image\/\"}}]}<\/script>\n<!-- \/ Yoast SEO plugin. -->","yoast_head_json":{"title":"Hist\u00f3ria dos Animes - TECCINE","robots":{"index":"index","follow":"follow","max-snippet":"max-snippet:-1","max-image-preview":"max-image-preview:large","max-video-preview":"max-video-preview:-1"},"canonical":"https:\/\/gzs09.zappacorp.com\/index.php\/anime\/","og_locale":"pt_BR","og_type":"article","og_title":"Hist\u00f3ria dos Animes - TECCINE","og_description":"Anime ou anim\u00ea (como \u00e9 dito no Brasil) \u00e9 o nome dado para o&nbsp;tipo de desenho animado produzido no Jap\u00e3o. No entanto, de acordo com o conceito japon\u00eas dos animes, este termo \u00e9 utilizado para classificar todos os tipos de anima\u00e7\u00f5es, ou seja, independente da sua origem (nacional ou estrangeira). A origem da palavra anime [&hellip;]","og_url":"https:\/\/gzs09.zappacorp.com\/index.php\/anime\/","og_site_name":"TECCINE","article_modified_time":"2024-04-29T19:56:52+00:00","og_image":[{"url":"https:\/\/desvendandoanimes.com.br\/wp-content\/uploads\/2023\/08\/capa-1024x576.webp"}],"twitter_card":"summary_large_image","twitter_misc":{"Est. tempo de leitura":"4 minutos"},"schema":{"@context":"https:\/\/schema.org","@graph":[{"@type":"WebPage","@id":"https:\/\/gzs09.zappacorp.com\/index.php\/anime\/","url":"https:\/\/gzs09.zappacorp.com\/index.php\/anime\/","name":"Hist\u00f3ria dos Animes - TECCINE","isPartOf":{"@id":"https:\/\/gzs09.zappacorp.com\/#website"},"primaryImageOfPage":{"@id":"https:\/\/gzs09.zappacorp.com\/index.php\/anime\/#primaryimage"},"image":{"@id":"https:\/\/gzs09.zappacorp.com\/index.php\/anime\/#primaryimage"},"thumbnailUrl":"https:\/\/desvendandoanimes.com.br\/wp-content\/uploads\/2023\/08\/capa-1024x576.webp","datePublished":"2024-04-15T18:46:16+00:00","dateModified":"2024-04-29T19:56:52+00:00","breadcrumb":{"@id":"https:\/\/gzs09.zappacorp.com\/index.php\/anime\/#breadcrumb"},"inLanguage":"pt-BR","potentialAction":[{"@type":"ReadAction","target":["https:\/\/gzs09.zappacorp.com\/index.php\/anime\/"]}]},{"@type":"ImageObject","inLanguage":"pt-BR","@id":"https:\/\/gzs09.zappacorp.com\/index.php\/anime\/#primaryimage","url":"https:\/\/desvendandoanimes.com.br\/wp-content\/uploads\/2023\/08\/capa-1024x576.webp","contentUrl":"https:\/\/desvendandoanimes.com.br\/wp-content\/uploads\/2023\/08\/capa-1024x576.webp"},{"@type":"BreadcrumbList","@id":"https:\/\/gzs09.zappacorp.com\/index.php\/anime\/#breadcrumb","itemListElement":[{"@type":"ListItem","position":1,"name":"In\u00edcio","item":"https:\/\/gzs09.zappacorp.com\/"},{"@type":"ListItem","position":2,"name":"Hist\u00f3ria dos Animes"}]},{"@type":"WebSite","@id":"https:\/\/gzs09.zappacorp.com\/#website","url":"https:\/\/gzs09.zappacorp.com\/","name":"TECCINE","description":"","publisher":{"@id":"https:\/\/gzs09.zappacorp.com\/#organization"},"potentialAction":[{"@type":"SearchAction","target":{"@type":"EntryPoint","urlTemplate":"https:\/\/gzs09.zappacorp.com\/?s={search_term_string}"},"query-input":"required name=search_term_string"}],"inLanguage":"pt-BR"},{"@type":"Organization","@id":"https:\/\/gzs09.zappacorp.com\/#organization","name":"TECCINE","url":"https:\/\/gzs09.zappacorp.com\/","logo":{"@type":"ImageObject","inLanguage":"pt-BR","@id":"https:\/\/gzs09.zappacorp.com\/#\/schema\/logo\/image\/","url":"https:\/\/gzs09.zappacorp.com\/wp-content\/uploads\/2024\/04\/cropped-DOEVIDA.png","contentUrl":"https:\/\/gzs09.zappacorp.com\/wp-content\/uploads\/2024\/04\/cropped-DOEVIDA.png","width":512,"height":512,"caption":"TECCINE"},"image":{"@id":"https:\/\/gzs09.zappacorp.com\/#\/schema\/logo\/image\/"}}]}},"_links":{"self":[{"href":"https:\/\/gzs09.zappacorp.com\/index.php\/wp-json\/wp\/v2\/pages\/105"}],"collection":[{"href":"https:\/\/gzs09.zappacorp.com\/index.php\/wp-json\/wp\/v2\/pages"}],"about":[{"href":"https:\/\/gzs09.zappacorp.com\/index.php\/wp-json\/wp\/v2\/types\/page"}],"author":[{"embeddable":true,"href":"https:\/\/gzs09.zappacorp.com\/index.php\/wp-json\/wp\/v2\/users\/4"}],"replies":[{"embeddable":true,"href":"https:\/\/gzs09.zappacorp.com\/index.php\/wp-json\/wp\/v2\/comments?post=105"}],"version-history":[{"count":10,"href":"https:\/\/gzs09.zappacorp.com\/index.php\/wp-json\/wp\/v2\/pages\/105\/revisions"}],"predecessor-version":[{"id":201,"href":"https:\/\/gzs09.zappacorp.com\/index.php\/wp-json\/wp\/v2\/pages\/105\/revisions\/201"}],"wp:attachment":[{"href":"https:\/\/gzs09.zappacorp.com\/index.php\/wp-json\/wp\/v2\/media?parent=105"}],"curies":[{"name":"wp","href":"https:\/\/api.w.org\/{rel}","templated":true}]}}