{"id":101,"date":"2024-04-15T15:36:37","date_gmt":"2024-04-15T18:36:37","guid":{"rendered":"https:\/\/gzs09.zappacorp.com\/?page_id=101"},"modified":"2024-04-29T17:07:16","modified_gmt":"2024-04-29T20:07:16","slug":"cinema","status":"publish","type":"page","link":"https:\/\/gzs09.zappacorp.com\/index.php\/cinema\/","title":{"rendered":"Hist\u00f3ria do Cinema"},"content":{"rendered":"\n<p>No dia 28 de dezembro de 1895 os irm\u00e3os Auguste e Louis Lumi\u00e8re realizaram a primeira exibi\u00e7\u00e3o cinematogr\u00e1fica p\u00fablica do mundo, dando in\u00edcio a hist\u00f3ria do cinema mundial. V\u00e1rios inventos foram necess\u00e1rios at\u00e9 que esse resultado fosse alcan\u00e7ado pelos irm\u00e3os.<\/p>\n\n\n\n<p><strong>A captura de imagens em movimento, que possibilitou a exibi\u00e7\u00e3o dos Lumi\u00e8re, tornou-se poss\u00edvel com a inven\u00e7\u00e3o do <\/strong><strong>cinetosc\u00f3pio<\/strong>, em 1889, por William Dickson, assistente do cientista e inventor Thomas Edison.<\/p>\n\n\n\n<h2 class=\"wp-block-heading\"><strong>O surgimento do cinema no mundo<\/strong><\/h2>\n\n\n\n<p>A Hist\u00f3ria do cinema mundial s\u00f3 foi poss\u00edvel com a inven\u00e7\u00e3o do cinetosc\u00f3pio, em 1889, por William Dickson. O assistente de Thomas Edison criou a primeira m\u00e1quina capaz de capturar imagens em movimento. Os inventos posteriores foram aprimorando essa m\u00e1quina e moldando o que \u00e9 o cinema.<\/p>\n\n\n\n<h2 class=\"wp-block-heading\"><strong>Como foram feitos os primeiros filmes do cinema?<\/strong><\/h2>\n\n\n\n<p>A ideia de produzir imagens em movimento sempre esteve presente na hist\u00f3ria humana. Os homens da caverna pintavam nas paredes cenas de seu cotidiano, Plat\u00e3o em seu Mito da Caverna utiliza o princ\u00edpio das sombras para dar o efeito de imagens em movimento. O pr\u00f3prio teatro das sombras surge a partir deste conceito.<\/p>\n\n\n\n<figure class=\"wp-block-image size-large\"><img decoding=\"async\" src=\"https:\/\/assets-global.website-files.com\/60ff690cd7b0537edb99a29a\/61361534adb3526aeda2febe_Como-surgiu-o-cinema-no-mundo.jpg\" alt=\"\"\/><\/figure>\n\n\n\n<p>O cinetosc\u00f3pio, no entanto, n\u00e3o era capaz de projetar imagens. O espectador tinha de observar as imagens por meio de uma lente que dava para uma c\u00e2mera escura do aparelho onde eram projetadas as imagens. <strong>Era uma experi\u00eancia individual, j\u00e1 que o aparelho n\u00e3o projetava as imagens, e os filmes duravam at\u00e9 quinze minutos. Sendo um aparelho port\u00e1til capaz de: capturar imagens em movimento, revel\u00e1-las e projet\u00e1-las.<\/strong><\/p>\n\n\n\n<p>A partir de 1895, os irm\u00e3os passaram a fazer v\u00e1rias exibi\u00e7\u00f5es cinematogr\u00e1ficas para apresentar seu invento. Eram sess\u00f5es curtas, com pequenas produ\u00e7\u00f5es, mas que despertaram bastante interesse.<\/p>\n\n\n\n<p><strong>Um de seus primeiros filmes exibe a chegada de um trem na esta\u00e7\u00e3o. Conta-se que os espectadores ficaram com medo do trem sair da tela e atropel\u00e1-los.<\/strong><\/p>\n\n\n\n<h2 class=\"wp-block-heading\"><strong>O primeiro filme da hist\u00f3ria do cinema<\/strong><\/h2>\n\n\n\n<figure class=\"wp-block-image size-large\"><img decoding=\"async\" src=\"https:\/\/assets-global.website-files.com\/60ff690cd7b0537edb99a29a\/61361549517bfcb4ab584df7_primeiros-efeitos-especiais-na-historia-da-evolucao-do-cinema-mundial.jpg\" alt=\"\"\/><\/figure>\n\n\n\n<p>Em 28 de dezembro de 1895, em La Ciotat, no \u00c9den Th\u00e9\u00e2tre, foi realizada a primeira proje\u00e7\u00e3o cinematogr\u00e1fica da hist\u00f3ria do cinema mundial. Assim, numa sala escura, foram projetados dez filmes de curta dura\u00e7\u00e3o, como os dois mais famosos:<\/p>\n\n\n\n<p>\u2022 \u201cA chegada do trem \u00e0 esta\u00e7\u00e3o de La Ciotat\u201d<\/p>\n\n\n\n<p>\u2022 A hist\u00f3ria do cinema mundial est\u00e1 intimamente ligada \u00e0 hist\u00f3ria da fotografia.&nbsp;<strong>Com o advento da fotografia foi <\/strong><strong>poss\u00edvel fixar a imagem numa superf\u00edcie de papel, ou placa de metal ou vidro.<\/strong><\/p>\n\n\n\n<p>\u2022 <strong>O grande desafio era criar uma m\u00e1quina capaz de capturar as imagens em movimento.<\/strong><\/p>\n\n\n\n<p>\u2022 A pr\u00f3pria palavra cinema, abrevia\u00e7\u00e3o de cinemat\u00f3grafo, traz essa ideia: \u201cCine\u201d vem do grego e significa movimento, o sufixo \u201c\u00e1grafo\u201d significa agravar, ou seja, o movimento agravado.<\/p>\n\n\n\n<p>\u2022 <strong>Por isso, diversos inventores de pa\u00edses como Fran\u00e7a e Estados Unidos desenvolveram aparelhos para captar e projetar imagens em movimento.<\/strong><\/p>\n\n\n\n<h2 class=\"wp-block-heading\"><strong>Principias inven\u00e7\u00f5es<\/strong><\/h2>\n\n\n\n<h3 class=\"wp-block-heading\">Lanterna M\u00e1gica<\/h3>\n\n\n\n<p><strong>\u00c9 um invento do s\u00e9culo XVII, \u00e9 uma c\u00e2mara escura que projetava, por meio de lentes e luzes, desenhos pintados \u00e0 m\u00e3o em vidros.<\/strong><strong><\/strong><\/p>\n\n\n\n<p>Um narrador era respons\u00e1vel por contar a sequ\u00eancia dos desenhos e poderia haver algum acompanhamento musical.<\/p>\n\n\n\n<p>Era muito famoso em feiras urbanas e foi usado at\u00e9 em ambientes acad\u00eamicos para estudos com imagens.<\/p>\n\n\n\n<h3 class=\"wp-block-heading\">Praxinosc\u00f3pio<\/h3>\n\n\n\n<figure class=\"wp-block-image size-large\"><img decoding=\"async\" src=\"https:\/\/assets-global.website-files.com\/60ff690cd7b0537edb99a29a\/6136159f81484f6798610876_Praxinoscopio.jpg\" alt=\"\"\/><\/figure>\n\n\n\n<p><strong>Constru\u00eddo em 1877 pelo franc\u00eas Charles \u00c9mile Reynaud, o praxinosc\u00f3pio consistia num aparelho de formato circular no qual as imagens iam se sucedendo e davam a sensa\u00e7\u00e3o de que estavam se movendo.<\/strong><strong><\/strong><\/p>\n\n\n\n<p>As imagens deviam ser cuidadosamente ilustradas para dar a sensa\u00e7\u00e3o de movimento.<\/p>\n\n\n\n<p><strong>Em 1888 Reynaud conseguiu ampliar o tamanho das proje\u00e7\u00f5es de seu aparelho<\/strong><strong>.<\/strong> Antes era poss\u00edvel apenas projetar em um ambiente dom\u00e9stico para uma pessoa, com o aprimoramento do inventor, foi poss\u00edvel exibir cenas para um grande teatro.<\/p>\n\n\n\n<p><strong>As performances maiores ficaram conhecidas como teatro \u00f3tico.<\/strong><strong><\/strong><\/p>\n\n\n\n<h3 class=\"wp-block-heading\">Cinetosc\u00f3pio<\/h3>\n\n\n\n<p><strong>William Dickson inventou um aparelho capaz de capturar imagens em movimento. Ele era assistente do famoso inventor norte-americano Thomas Edison.<\/strong><strong><\/strong><\/p>\n\n\n\n<p>Em 1894, foi lan\u00e7ado o cinetosc\u00f3pio, em uma f\u00e1brica comandada por Thomas Edison, nos Estados Unidos. Uma m\u00e1quina individual onde se assistiam filmes de curta dura\u00e7\u00e3o.<\/p>\n\n\n\n<p><strong>O invento s\u00f3 foi poss\u00edvel porque Edison criou uma pel\u00edcula de celul\u00f3ide capaz de guardar as imagens e assim, projet\u00e1-las atrav\u00e9s das lentes.<\/strong><strong><\/strong><\/p>\n\n\n\n<h3 class=\"wp-block-heading\">Cinemat\u00f3grafo<\/h3>\n\n\n\n<p><strong>Os irm\u00e3os Auguste Lumi\u00e8re e Louis Lumi\u00e8re, apaixonados por inventos e fotografia, desenvolveram o aparelho.<\/strong><strong>&nbsp;<\/strong>Ao contr\u00e1rio dos outros, este permitia gravar e projetar as imagens, o que permitia grandes exibi\u00e7\u00f5es para uma plat\u00e9ia ampla.<\/p>\n\n\n\n<p><strong>A inven\u00e7\u00e3o do cinemat\u00f3grafo foi a que inaugurou o cinema nos moldes do que ele \u00e9 hoje, dando in\u00edcio a Hist\u00f3ria do cinema mundial.<\/strong><\/p>\n\n\n\n<h2 class=\"wp-block-heading\">A evolu\u00e7\u00e3o do cinema<\/h2>\n\n\n\n<p><strong>Inicialmente esperava-se que o cinema seria, assim como a m\u00e1quina fotogr\u00e1fica, um equipamento para registros documentais.<\/strong><strong>&nbsp;<\/strong>No entanto, dois artistas pioneiros ir\u00e3o utiliz\u00e1-lo para contar hist\u00f3rias e narrativas, com t\u00e9cnicas, efeitos e roteiros estruturados.<\/p>\n\n\n\n<p><strong>A primeira artista foi Alice Guy-Blach\u00e9, autora de quase mil obras. Fez o primeiro filme baseado num conto popular: \u201cA fada dos repolhos\u201d, em 1896.<\/strong><strong><\/strong><\/p>\n\n\n\n<p>Alice Guy trabalhava como secret\u00e1ria na f\u00e1brica e produtora de cinema Gaumont (filmes em cinetosc\u00f3pio), quando os irm\u00e3os Lumi\u00e8re foram fazer uma demonstra\u00e7\u00e3o do seu recente invento.<\/p>\n\n\n\n<p><strong>Encantada com o aparelho, Alice Guy come\u00e7ou a experimentar filmar com dupla exposi\u00e7\u00e3o e atrasar ou apressar a velocidade da c\u00e2mera a fim de conseguir efeitos interessantes para narrar suas hist\u00f3rias. Ela ainda seria a primeira a usar cores e som nos seus filmes.<\/strong><strong><\/strong><\/p>\n\n\n\n<p><strong>Ela criou mais de mil filmes, dentre eles seu monumental filme \u201cA vida de Cristo\u201d, de 1906, que contou com 300 figurantes e uma superprodu\u00e7\u00e3o.<\/strong><strong><\/strong><\/p>\n\n\n\n<p><strong>O segundo artista foi Georges M\u00e9li\u00e8s, que contribuiria para o desenvolvimento da linguagem cinematogr\u00e1fica introduzindo cortes, sobreposi\u00e7\u00e3o e zoom.<\/strong><strong><\/strong><\/p>\n\n\n\n<p>Por ser um famoso m\u00e1gico ilusionista da \u00e9poca, os irm\u00e3os Lumi\u00e8re o convidaram para a primeira exibi\u00e7\u00e3o no \u00c9den Th\u00e9\u00e2tre. Empolgado com o invento, comprou uma m\u00e1quina semelhante \u00e0 dos irm\u00e3os.<\/p>\n\n\n\n<p><strong>Com ela come\u00e7ou a escrever roteiros e atuar, incorporando os truques pr\u00f3prios do teatro e do ilusionismo para o cinema. Assim alcan\u00e7ou grande sucesso.<\/strong><\/p>\n\n\n\n<p><strong>Sua maior produ\u00e7\u00e3o, em roteiro, efeitos especiais e produ\u00e7\u00e3o, foi o filme \u201cViagem \u00e0 Lua\u201d, adapta\u00e7\u00e3o cinematogr\u00e1fica da obra liter\u00e1ria de J\u00falio Verne<\/strong><strong>.<\/strong><\/p>\n\n\n\n<p>Desde o in\u00edcio, inventores e produtores cinematogr\u00e1ficos tentaram casar a imagem com um som sincronizado, mas nenhuma t\u00e9cnica deu certo at\u00e9 a d\u00e9cada de 1920.&nbsp;Assim sendo, durante 30 anos os filmes eram praticamente silenciosos,&nbsp;sendo acompanhados muitas vezes de m\u00fasica ao vivo, outras vezes de efeitos especiais, narra\u00e7\u00e3o e di\u00e1logos escritos presentes entre as cenas.<\/p>\n\n\n\n<p>O grande destaque desse per\u00edodo foi Charles Chaplin, considerado uma das figuras mais importantes no cinema mudo.<\/p>\n\n\n\n<p>Em 1903, ocorre o lan\u00e7amento do primeiro filme de faroeste dos cinemas: \u201cThe Great Train Robbery\u201d. Seu legado foi aplicar pela primeira vez a t\u00e9cnica do \u201ccross-cutting\u201d, com imagens simult\u00e2neas em diferentes lugares.<\/p>\n\n\n\n<figure class=\"wp-block-image size-large\"><img decoding=\"async\" src=\"https:\/\/assets-global.website-files.com\/60ff690cd7b0537edb99a29a\/613615bb6e4ba69338418ec0_The-Great-Train-Robbery-na-historia-do-cinema-mundial.jpg\" alt=\"\"\/><\/figure>\n\n\n\n<p>O final do filme teve de ser alterado, ele apresentava um final feliz para os assaltantes, o que passava uma ideia de impunidade para o povo.<\/p>\n\n\n\n<p><strong>Desde o in\u00edcio era percept\u00edvel a capacidade de moldar o imagin\u00e1rio popular que o cinema possu\u00eda.<\/strong><strong><\/strong><\/p>\n\n\n\n<p>O desenvolvimento de filmes fez crescer os nickelodeons, pequenos lugares de exibi\u00e7\u00e3o de filmes em que se pagava o ingresso de 1 n\u00edquel juntando uma grande plateia.<\/p>\n\n\n\n<p>Os filmes tamb\u00e9m come\u00e7aram a crescer em dura\u00e7\u00e3o. Antes um filme durava de 10 a 15 minutos, j\u00e1 em 1906 o filme australiano \u201cThe Story of the Kelly Gang\u201d tinha 70 minutos sendo lembrado at\u00e9 hoje como o primeiro longa-metragem da hist\u00f3ria do cinema.<\/p>\n\n\n\n<p>Depois do filme australiano, a Europa come\u00e7ou a produzir filmes mais longos, como \u201cCabiria\u201d, filme italiano de 1914, que tem 123 minutos de dura\u00e7\u00e3o.<\/p>\n\n\n\n<p>Em janeiro de 1914 foi exibido \u201cPhoto-Drama of Creation\u201d, um filme com mais de 8 horas de dura\u00e7\u00e3o apresentado e narrado por Charles Taze Russell, fundador do movimento religioso dos Estudantes da B\u00edblia e da Sociedade Torre de Vigia.<\/p>\n\n\n\n<figure class=\"wp-block-image size-large is-resized\"><img decoding=\"async\" src=\"https:\/\/assets-global.website-files.com\/60ff690cd7b0537edb99a29a\/613615d5b15fc85926e9bad4_Photodrama-of-creation-as-primeiras-composicoes-de-filmes-na-historia-do-mundo.jpg\" alt=\"\" style=\"width:806px;height:auto\"\/><\/figure>\n\n\n\n<p>O Fotodrama consistia de um conjunto de slides com pinturas coloridas descrevendo o relato criativo b\u00edblico desde a cria\u00e7\u00e3o do Universo aos dias atuais, segundo as cren\u00e7as de Russell.<\/p>\n\n\n\n<p><strong>Foi o primeiro filme a incluir som sincronizado e imagens coloridas, ele consistia em 96 grava\u00e7\u00f5es de pequenos discursos b\u00edblicos.<\/strong><strong><\/strong><\/p>\n\n\n\n<p><strong>O uso do som fez com que o cinema se diversificasse mais em termos de g\u00eaneros.<\/strong>&nbsp;Dessa nova tecnologia nascia o musical e algumas com\u00e9dias cinematogr\u00e1ficas. E do casamento dos dois surgiu a com\u00e9dia musical.<\/p>\n\n\n\n<div style=\"height:100px\" aria-hidden=\"true\" class=\"wp-block-spacer\"><\/div>\n\n\n\n<p><strong><strong>Deixe seu feedback abaixo:<\/strong><\/strong><\/p>\n\n\n\n<div class=\"wp-block-contact-form-7-contact-form-selector\">\n<div class=\"wpcf7 no-js\" id=\"wpcf7-f188-o1\" lang=\"pt-BR\" dir=\"ltr\">\n<div class=\"screen-reader-response\"><p role=\"status\" aria-live=\"polite\" aria-atomic=\"true\"><\/p> <ul><\/ul><\/div>\n<form action=\"\/index.php\/wp-json\/wp\/v2\/pages\/101#wpcf7-f188-o1\" method=\"post\" class=\"wpcf7-form init\" aria-label=\"Formul\u00e1rios de contato\" novalidate=\"novalidate\" data-status=\"init\">\n<div style=\"display: none;\">\n<input type=\"hidden\" name=\"_wpcf7\" value=\"188\" \/>\n<input type=\"hidden\" name=\"_wpcf7_version\" value=\"5.9.3\" \/>\n<input type=\"hidden\" name=\"_wpcf7_locale\" value=\"pt_BR\" \/>\n<input type=\"hidden\" name=\"_wpcf7_unit_tag\" value=\"wpcf7-f188-o1\" \/>\n<input type=\"hidden\" name=\"_wpcf7_container_post\" value=\"0\" \/>\n<input type=\"hidden\" name=\"_wpcf7_posted_data_hash\" value=\"\" \/>\n<\/div>\n<p><label> Seu nome<br \/>\n<span class=\"wpcf7-form-control-wrap\" data-name=\"your-name\"><input size=\"40\" class=\"wpcf7-form-control wpcf7-text wpcf7-validates-as-required\" autocomplete=\"name\" aria-required=\"true\" aria-invalid=\"false\" value=\"\" type=\"text\" name=\"your-name\" \/><\/span> <\/label>\n<\/p>\n<p><label> Seu e-mail<br \/>\n<span class=\"wpcf7-form-control-wrap\" data-name=\"your-email\"><input size=\"40\" class=\"wpcf7-form-control wpcf7-email wpcf7-validates-as-required wpcf7-text wpcf7-validates-as-email\" autocomplete=\"email\" aria-required=\"true\" aria-invalid=\"false\" value=\"\" type=\"email\" name=\"your-email\" \/><\/span> <\/label>\n<\/p>\n<p><label> Qual seu filme favorito?<br \/>\n<span class=\"wpcf7-form-control-wrap\" data-name=\"your-message\"><textarea cols=\"40\" rows=\"10\" class=\"wpcf7-form-control wpcf7-textarea\" aria-invalid=\"false\" name=\"your-message\"><\/textarea><\/span> <\/label>\n<\/p>\n<p><input class=\"wpcf7-form-control wpcf7-submit has-spinner\" type=\"submit\" value=\"Enviar\" \/>\n<\/p><div class=\"wpcf7-response-output\" aria-hidden=\"true\"><\/div>\n<\/form>\n<\/div>\n<\/div>\n","protected":false},"excerpt":{"rendered":"<p>No dia 28 de dezembro de 1895 os irm\u00e3os Auguste e Louis Lumi\u00e8re realizaram a primeira exibi\u00e7\u00e3o cinematogr\u00e1fica p\u00fablica do mundo, dando in\u00edcio a hist\u00f3ria do cinema mundial. V\u00e1rios inventos foram necess\u00e1rios at\u00e9 que esse resultado fosse alcan\u00e7ado pelos irm\u00e3os. A captura de imagens em movimento, que possibilitou a exibi\u00e7\u00e3o dos Lumi\u00e8re, tornou-se poss\u00edvel com [&hellip;]<\/p>\n","protected":false},"author":4,"featured_media":0,"parent":0,"menu_order":0,"comment_status":"closed","ping_status":"closed","template":"","meta":{"footnotes":""},"yoast_head":"<!-- This site is optimized with the Yoast SEO plugin v22.6 - https:\/\/yoast.com\/wordpress\/plugins\/seo\/ -->\n<title>Hist\u00f3ria do Cinema - TECCINE<\/title>\n<meta name=\"robots\" content=\"index, follow, max-snippet:-1, max-image-preview:large, max-video-preview:-1\" \/>\n<link rel=\"canonical\" href=\"https:\/\/gzs09.zappacorp.com\/index.php\/cinema\/\" \/>\n<meta property=\"og:locale\" content=\"pt_BR\" \/>\n<meta property=\"og:type\" content=\"article\" \/>\n<meta property=\"og:title\" content=\"Hist\u00f3ria do Cinema - TECCINE\" \/>\n<meta property=\"og:description\" content=\"No dia 28 de dezembro de 1895 os irm\u00e3os Auguste e Louis Lumi\u00e8re realizaram a primeira exibi\u00e7\u00e3o cinematogr\u00e1fica p\u00fablica do mundo, dando in\u00edcio a hist\u00f3ria do cinema mundial. V\u00e1rios inventos foram necess\u00e1rios at\u00e9 que esse resultado fosse alcan\u00e7ado pelos irm\u00e3os. A captura de imagens em movimento, que possibilitou a exibi\u00e7\u00e3o dos Lumi\u00e8re, tornou-se poss\u00edvel com [&hellip;]\" \/>\n<meta property=\"og:url\" content=\"https:\/\/gzs09.zappacorp.com\/index.php\/cinema\/\" \/>\n<meta property=\"og:site_name\" content=\"TECCINE\" \/>\n<meta property=\"article:modified_time\" content=\"2024-04-29T20:07:16+00:00\" \/>\n<meta property=\"og:image\" content=\"https:\/\/assets-global.website-files.com\/60ff690cd7b0537edb99a29a\/61361534adb3526aeda2febe_Como-surgiu-o-cinema-no-mundo.jpg\" \/>\n<meta name=\"twitter:card\" content=\"summary_large_image\" \/>\n<meta name=\"twitter:label1\" content=\"Est. tempo de leitura\" \/>\n\t<meta name=\"twitter:data1\" content=\"8 minutos\" \/>\n<script type=\"application\/ld+json\" class=\"yoast-schema-graph\">{\"@context\":\"https:\/\/schema.org\",\"@graph\":[{\"@type\":\"WebPage\",\"@id\":\"https:\/\/gzs09.zappacorp.com\/index.php\/cinema\/\",\"url\":\"https:\/\/gzs09.zappacorp.com\/index.php\/cinema\/\",\"name\":\"Hist\u00f3ria do Cinema - TECCINE\",\"isPartOf\":{\"@id\":\"https:\/\/gzs09.zappacorp.com\/#website\"},\"primaryImageOfPage\":{\"@id\":\"https:\/\/gzs09.zappacorp.com\/index.php\/cinema\/#primaryimage\"},\"image\":{\"@id\":\"https:\/\/gzs09.zappacorp.com\/index.php\/cinema\/#primaryimage\"},\"thumbnailUrl\":\"https:\/\/assets-global.website-files.com\/60ff690cd7b0537edb99a29a\/61361534adb3526aeda2febe_Como-surgiu-o-cinema-no-mundo.jpg\",\"datePublished\":\"2024-04-15T18:36:37+00:00\",\"dateModified\":\"2024-04-29T20:07:16+00:00\",\"breadcrumb\":{\"@id\":\"https:\/\/gzs09.zappacorp.com\/index.php\/cinema\/#breadcrumb\"},\"inLanguage\":\"pt-BR\",\"potentialAction\":[{\"@type\":\"ReadAction\",\"target\":[\"https:\/\/gzs09.zappacorp.com\/index.php\/cinema\/\"]}]},{\"@type\":\"ImageObject\",\"inLanguage\":\"pt-BR\",\"@id\":\"https:\/\/gzs09.zappacorp.com\/index.php\/cinema\/#primaryimage\",\"url\":\"https:\/\/assets-global.website-files.com\/60ff690cd7b0537edb99a29a\/61361534adb3526aeda2febe_Como-surgiu-o-cinema-no-mundo.jpg\",\"contentUrl\":\"https:\/\/assets-global.website-files.com\/60ff690cd7b0537edb99a29a\/61361534adb3526aeda2febe_Como-surgiu-o-cinema-no-mundo.jpg\"},{\"@type\":\"BreadcrumbList\",\"@id\":\"https:\/\/gzs09.zappacorp.com\/index.php\/cinema\/#breadcrumb\",\"itemListElement\":[{\"@type\":\"ListItem\",\"position\":1,\"name\":\"In\u00edcio\",\"item\":\"https:\/\/gzs09.zappacorp.com\/\"},{\"@type\":\"ListItem\",\"position\":2,\"name\":\"Hist\u00f3ria do Cinema\"}]},{\"@type\":\"WebSite\",\"@id\":\"https:\/\/gzs09.zappacorp.com\/#website\",\"url\":\"https:\/\/gzs09.zappacorp.com\/\",\"name\":\"TECCINE\",\"description\":\"\",\"publisher\":{\"@id\":\"https:\/\/gzs09.zappacorp.com\/#organization\"},\"potentialAction\":[{\"@type\":\"SearchAction\",\"target\":{\"@type\":\"EntryPoint\",\"urlTemplate\":\"https:\/\/gzs09.zappacorp.com\/?s={search_term_string}\"},\"query-input\":\"required name=search_term_string\"}],\"inLanguage\":\"pt-BR\"},{\"@type\":\"Organization\",\"@id\":\"https:\/\/gzs09.zappacorp.com\/#organization\",\"name\":\"TECCINE\",\"url\":\"https:\/\/gzs09.zappacorp.com\/\",\"logo\":{\"@type\":\"ImageObject\",\"inLanguage\":\"pt-BR\",\"@id\":\"https:\/\/gzs09.zappacorp.com\/#\/schema\/logo\/image\/\",\"url\":\"https:\/\/gzs09.zappacorp.com\/wp-content\/uploads\/2024\/04\/cropped-DOEVIDA.png\",\"contentUrl\":\"https:\/\/gzs09.zappacorp.com\/wp-content\/uploads\/2024\/04\/cropped-DOEVIDA.png\",\"width\":512,\"height\":512,\"caption\":\"TECCINE\"},\"image\":{\"@id\":\"https:\/\/gzs09.zappacorp.com\/#\/schema\/logo\/image\/\"}}]}<\/script>\n<!-- \/ Yoast SEO plugin. -->","yoast_head_json":{"title":"Hist\u00f3ria do Cinema - TECCINE","robots":{"index":"index","follow":"follow","max-snippet":"max-snippet:-1","max-image-preview":"max-image-preview:large","max-video-preview":"max-video-preview:-1"},"canonical":"https:\/\/gzs09.zappacorp.com\/index.php\/cinema\/","og_locale":"pt_BR","og_type":"article","og_title":"Hist\u00f3ria do Cinema - TECCINE","og_description":"No dia 28 de dezembro de 1895 os irm\u00e3os Auguste e Louis Lumi\u00e8re realizaram a primeira exibi\u00e7\u00e3o cinematogr\u00e1fica p\u00fablica do mundo, dando in\u00edcio a hist\u00f3ria do cinema mundial. V\u00e1rios inventos foram necess\u00e1rios at\u00e9 que esse resultado fosse alcan\u00e7ado pelos irm\u00e3os. A captura de imagens em movimento, que possibilitou a exibi\u00e7\u00e3o dos Lumi\u00e8re, tornou-se poss\u00edvel com [&hellip;]","og_url":"https:\/\/gzs09.zappacorp.com\/index.php\/cinema\/","og_site_name":"TECCINE","article_modified_time":"2024-04-29T20:07:16+00:00","og_image":[{"url":"https:\/\/assets-global.website-files.com\/60ff690cd7b0537edb99a29a\/61361534adb3526aeda2febe_Como-surgiu-o-cinema-no-mundo.jpg"}],"twitter_card":"summary_large_image","twitter_misc":{"Est. tempo de leitura":"8 minutos"},"schema":{"@context":"https:\/\/schema.org","@graph":[{"@type":"WebPage","@id":"https:\/\/gzs09.zappacorp.com\/index.php\/cinema\/","url":"https:\/\/gzs09.zappacorp.com\/index.php\/cinema\/","name":"Hist\u00f3ria do Cinema - TECCINE","isPartOf":{"@id":"https:\/\/gzs09.zappacorp.com\/#website"},"primaryImageOfPage":{"@id":"https:\/\/gzs09.zappacorp.com\/index.php\/cinema\/#primaryimage"},"image":{"@id":"https:\/\/gzs09.zappacorp.com\/index.php\/cinema\/#primaryimage"},"thumbnailUrl":"https:\/\/assets-global.website-files.com\/60ff690cd7b0537edb99a29a\/61361534adb3526aeda2febe_Como-surgiu-o-cinema-no-mundo.jpg","datePublished":"2024-04-15T18:36:37+00:00","dateModified":"2024-04-29T20:07:16+00:00","breadcrumb":{"@id":"https:\/\/gzs09.zappacorp.com\/index.php\/cinema\/#breadcrumb"},"inLanguage":"pt-BR","potentialAction":[{"@type":"ReadAction","target":["https:\/\/gzs09.zappacorp.com\/index.php\/cinema\/"]}]},{"@type":"ImageObject","inLanguage":"pt-BR","@id":"https:\/\/gzs09.zappacorp.com\/index.php\/cinema\/#primaryimage","url":"https:\/\/assets-global.website-files.com\/60ff690cd7b0537edb99a29a\/61361534adb3526aeda2febe_Como-surgiu-o-cinema-no-mundo.jpg","contentUrl":"https:\/\/assets-global.website-files.com\/60ff690cd7b0537edb99a29a\/61361534adb3526aeda2febe_Como-surgiu-o-cinema-no-mundo.jpg"},{"@type":"BreadcrumbList","@id":"https:\/\/gzs09.zappacorp.com\/index.php\/cinema\/#breadcrumb","itemListElement":[{"@type":"ListItem","position":1,"name":"In\u00edcio","item":"https:\/\/gzs09.zappacorp.com\/"},{"@type":"ListItem","position":2,"name":"Hist\u00f3ria do Cinema"}]},{"@type":"WebSite","@id":"https:\/\/gzs09.zappacorp.com\/#website","url":"https:\/\/gzs09.zappacorp.com\/","name":"TECCINE","description":"","publisher":{"@id":"https:\/\/gzs09.zappacorp.com\/#organization"},"potentialAction":[{"@type":"SearchAction","target":{"@type":"EntryPoint","urlTemplate":"https:\/\/gzs09.zappacorp.com\/?s={search_term_string}"},"query-input":"required name=search_term_string"}],"inLanguage":"pt-BR"},{"@type":"Organization","@id":"https:\/\/gzs09.zappacorp.com\/#organization","name":"TECCINE","url":"https:\/\/gzs09.zappacorp.com\/","logo":{"@type":"ImageObject","inLanguage":"pt-BR","@id":"https:\/\/gzs09.zappacorp.com\/#\/schema\/logo\/image\/","url":"https:\/\/gzs09.zappacorp.com\/wp-content\/uploads\/2024\/04\/cropped-DOEVIDA.png","contentUrl":"https:\/\/gzs09.zappacorp.com\/wp-content\/uploads\/2024\/04\/cropped-DOEVIDA.png","width":512,"height":512,"caption":"TECCINE"},"image":{"@id":"https:\/\/gzs09.zappacorp.com\/#\/schema\/logo\/image\/"}}]}},"_links":{"self":[{"href":"https:\/\/gzs09.zappacorp.com\/index.php\/wp-json\/wp\/v2\/pages\/101"}],"collection":[{"href":"https:\/\/gzs09.zappacorp.com\/index.php\/wp-json\/wp\/v2\/pages"}],"about":[{"href":"https:\/\/gzs09.zappacorp.com\/index.php\/wp-json\/wp\/v2\/types\/page"}],"author":[{"embeddable":true,"href":"https:\/\/gzs09.zappacorp.com\/index.php\/wp-json\/wp\/v2\/users\/4"}],"replies":[{"embeddable":true,"href":"https:\/\/gzs09.zappacorp.com\/index.php\/wp-json\/wp\/v2\/comments?post=101"}],"version-history":[{"count":10,"href":"https:\/\/gzs09.zappacorp.com\/index.php\/wp-json\/wp\/v2\/pages\/101\/revisions"}],"predecessor-version":[{"id":209,"href":"https:\/\/gzs09.zappacorp.com\/index.php\/wp-json\/wp\/v2\/pages\/101\/revisions\/209"}],"wp:attachment":[{"href":"https:\/\/gzs09.zappacorp.com\/index.php\/wp-json\/wp\/v2\/media?parent=101"}],"curies":[{"name":"wp","href":"https:\/\/api.w.org\/{rel}","templated":true}]}}